{"id":3212,"date":"2025-09-03T05:12:43","date_gmt":"2025-09-03T05:12:43","guid":{"rendered":"https:\/\/demo.blockskit.com\/health-care\/?page_id=319"},"modified":"2025-11-05T21:57:04","modified_gmt":"2025-11-05T20:57:04","slug":"industries","status":"publish","type":"page","link":"https:\/\/orevia-group.com\/en\/industries\/","title":{"rendered":"Industries"},"content":{"rendered":"<div class=\"wp-block-uagb-container uagb-block-0500b54e alignfull uagb-is-root-container\"><div class=\"uagb-container-inner-blocks-wrap\">\n<div class=\"wp-block-uagb-container uagb-block-d97b1fc6\">\n<div class=\"wp-block-uagb-container uagb-block-b5b1cb39\">\n<figure class=\"wp-block-image size-full is-resized wp-duotone-1dba9f-354262-1\" style=\"margin-top:0%;margin-right:0px;margin-bottom:0%;margin-left:30%\"><a href=\"https:\/\/orevia-group.com\/en\/secteur-du-batiment\/\"><img fetchpriority=\"high\" decoding=\"async\" width=\"512\" height=\"512\" src=\"https:\/\/orevia-group.com\/wp-content\/uploads\/2025\/10\/office-2.png\" alt=\"office (2)\" class=\"wp-image-3824\" style=\"width:90px\" title=\"Industries\" srcset=\"https:\/\/orevia-group.com\/wp-content\/uploads\/2025\/10\/office-2.png 512w, https:\/\/orevia-group.com\/wp-content\/uploads\/2025\/10\/office-2-300x300.png 300w, https:\/\/orevia-group.com\/wp-content\/uploads\/2025\/10\/office-2-150x150.png 150w\" sizes=\"(max-width: 512px) 100vw, 512px\" \/><\/a><\/figure>\n\n\n\n<div class=\"wp-block-uagb-advanced-heading uagb-block-5caf54ed\"><h5 class=\"uagb-heading-text\">BUILDING<\/h5><p class=\"uagb-desc-text\">reduce the environmental footprint of the construction sector<\/p><\/div>\n<\/div>\n<\/div>\n\n\n\n<div class=\"wp-block-uagb-container uagb-block-31c87f50\">\n<figure class=\"wp-block-image size-full is-resized wp-duotone-primary\" style=\"margin-top:0%;margin-right:0%;margin-bottom:0%;margin-left:30%\"><a href=\"https:\/\/orevia-group.com\/en\/secteur-des-infrastructures-et-des-transports\/\"><img decoding=\"async\" width=\"512\" height=\"512\" src=\"https:\/\/orevia-group.com\/wp-content\/uploads\/2025\/10\/transport.png\" alt=\"transport\" class=\"wp-image-3823\" style=\"width:90px\" title=\"Industries\" srcset=\"https:\/\/orevia-group.com\/wp-content\/uploads\/2025\/10\/transport.png 512w, https:\/\/orevia-group.com\/wp-content\/uploads\/2025\/10\/transport-300x300.png 300w, https:\/\/orevia-group.com\/wp-content\/uploads\/2025\/10\/transport-150x150.png 150w\" sizes=\"(max-width: 512px) 100vw, 512px\" \/><\/a><\/figure>\n\n\n\n<div class=\"wp-block-uagb-advanced-heading uagb-block-8857145a\"><h5 class=\"uagb-heading-text\">Infrastructure &amp; Transport<\/h5><\/div>\n\n\n\n<p class=\"has-text-align-center\" style=\"margin-top:0%;margin-bottom:0%\">Designing resilient and sustainable infrastructure to address climate challenges<\/p>\n<\/div>\n\n\n\n<div class=\"wp-block-uagb-container uagb-block-731df9f2\">\n<figure class=\"wp-block-image aligncenter size-full is-resized wp-duotone-1dba9e-1dba9f-2\" style=\"margin-top:0%;margin-left:0%\"><a href=\"https:\/\/orevia-group.com\/en\/secteur-de-leau-et-de-lenvironnement\/\"><img decoding=\"async\" width=\"512\" height=\"512\" src=\"https:\/\/orevia-group.com\/wp-content\/uploads\/2025\/10\/water.png\" alt=\"water\" class=\"wp-image-3821\" style=\"width:90px\" title=\"Industries\" srcset=\"https:\/\/orevia-group.com\/wp-content\/uploads\/2025\/10\/water.png 512w, https:\/\/orevia-group.com\/wp-content\/uploads\/2025\/10\/water-300x300.png 300w, https:\/\/orevia-group.com\/wp-content\/uploads\/2025\/10\/water-150x150.png 150w\" sizes=\"(max-width: 512px) 100vw, 512px\" \/><\/a><\/figure>\n\n\n\n<div class=\"wp-block-uagb-advanced-heading uagb-block-6e417b4e\"><h5 class=\"uagb-heading-text\">Water &amp; Environment<\/h5><\/div>\n\n\n\n<p class=\"has-text-align-center\">Protecting natural resources and strengthening water resilience<\/p>\n<\/div>\n<\/div><\/div>\n\n\n\n<div class=\"wp-block-group alignfull has-highlight-background-color has-background has-global-padding is-content-justification-center is-layout-constrained wp-container-core-group-is-layout-da3c5b13 wp-block-group-is-layout-constrained\" style=\"margin-top:0;margin-bottom:0px;padding-top:90px;padding-bottom:80px\">\n<div class=\"wp-block-columns is-layout-flex wp-container-core-columns-is-layout-28f84493 wp-block-columns-is-layout-flex\">\n<div class=\"wp-block-column is-layout-flow wp-block-column-is-layout-flow\" style=\"flex-basis:15%\"><\/div>\n\n\n\n<div class=\"wp-block-column is-layout-flow wp-block-column-is-layout-flow\" style=\"flex-basis:70%\">\n<div class=\"wp-block-group has-global-padding is-layout-constrained wp-container-core-group-is-layout-7d0d3654 wp-block-group-is-layout-constrained\">\n<div class=\"wp-block-group has-global-padding is-layout-constrained wp-block-group-is-layout-constrained\">\n<div class=\"wp-block-group is-content-justification-center is-nowrap is-layout-flex wp-container-core-group-is-layout-71978bd4 wp-block-group-is-layout-flex\">\n<hr class=\"wp-block-separator has-text-color has-pure-white-color has-alpha-channel-opacity has-pure-white-background-color has-background wp-container-content-e1bb55cb\"\/>\n<\/div>\n\n\n\n<h2 class=\"wp-block-heading has-text-align-center has-pure-white-color has-text-color has-link-color has-work-sans-font-family wp-elements-cb5a85afa6846f8719c275a597487e8e\" style=\"font-style:normal;font-weight:600;line-height:1.1\">Contact us to learn more about our solutions<\/h2>\n<\/div>\n<\/div>\n<\/div>\n\n\n\n<div class=\"wp-block-column is-layout-flow wp-block-column-is-layout-flow\" style=\"flex-basis:15%\"><\/div>\n<\/div>\n\n\n\n<div class=\"wp-block-buttons is-content-justification-center is-layout-flex wp-container-core-buttons-is-layout-7583787f wp-block-buttons-is-layout-flex\">\n<div class=\"wp-block-button is-style-bk-button-secondary\"><a class=\"wp-block-button__link wp-element-button\" style=\"border-radius:10px;padding-top:var(--wp--preset--spacing--x-small);padding-right:var(--wp--preset--spacing--small);padding-bottom:var(--wp--preset--spacing--x-small);padding-left:var(--wp--preset--spacing--small)\">Contact us<\/a><\/div>\n<\/div>\n<\/div>\n\n\n\n<p><\/p>","protected":false},"excerpt":{"rendered":"<p>B\u00e2timent r\u00e9duire l\u2019empreinte environnementale du secteur de la construction Infrastructures et Transports Concevoir des infrastructures r\u00e9silientes et durables face aux d\u00e9fis climatiques Eau &amp; Environnement Prot\u00e9ger les ressources naturelles et renforcer la r\u00e9silience hydrique Contactez-nous pour en savoir plus sur nos solutions<\/p>","protected":false},"author":1,"featured_media":0,"parent":0,"menu_order":0,"comment_status":"closed","ping_status":"closed","template":"","meta":{"_uag_custom_page_level_css":"","footnotes":""},"class_list":["post-3212","page","type-page","status-publish","hentry"],"aioseo_notices":[],"_hostinger_reach_plugin_has_subscription_block":false,"_hostinger_reach_plugin_is_elementor":false,"uagb_featured_image_src":{"full":false,"thumbnail":false,"medium":false,"medium_large":false,"large":false,"1536x1536":false,"2048x2048":false,"trp-custom-language-flag":false},"uagb_author_info":{"display_name":"oumaya.ymarzouk@gmail.com","author_link":"https:\/\/orevia-group.com\/en\/author\/oumaya-ymarzoukgmail-com\/"},"uagb_comment_info":0,"uagb_excerpt":"B\u00e2timent r\u00e9duire l\u2019empreinte environnementale du secteur de la construction Infrastructures et Transports Concevoir des infrastructures r\u00e9silientes et durables face aux d\u00e9fis climatiques Eau &amp; Environnement Prot\u00e9ger les ressources naturelles et renforcer la r\u00e9silience hydrique Contactez-nous pour en savoir plus sur nos solutions","_links":{"self":[{"href":"https:\/\/orevia-group.com\/en\/wp-json\/wp\/v2\/pages\/3212","targetHints":{"allow":["GET"]}}],"collection":[{"href":"https:\/\/orevia-group.com\/en\/wp-json\/wp\/v2\/pages"}],"about":[{"href":"https:\/\/orevia-group.com\/en\/wp-json\/wp\/v2\/types\/page"}],"author":[{"embeddable":true,"href":"https:\/\/orevia-group.com\/en\/wp-json\/wp\/v2\/users\/1"}],"replies":[{"embeddable":true,"href":"https:\/\/orevia-group.com\/en\/wp-json\/wp\/v2\/comments?post=3212"}],"version-history":[{"count":37,"href":"https:\/\/orevia-group.com\/en\/wp-json\/wp\/v2\/pages\/3212\/revisions"}],"predecessor-version":[{"id":4340,"href":"https:\/\/orevia-group.com\/en\/wp-json\/wp\/v2\/pages\/3212\/revisions\/4340"}],"wp:attachment":[{"href":"https:\/\/orevia-group.com\/en\/wp-json\/wp\/v2\/media?parent=3212"}],"curies":[{"name":"wp","href":"https:\/\/api.w.org\/{rel}","templated":true}]}}