{"id":3214,"date":"2025-09-03T05:12:26","date_gmt":"2025-09-03T05:12:26","guid":{"rendered":"https:\/\/demo.blockskit.com\/health-care\/?page_id=318"},"modified":"2025-11-05T21:53:35","modified_gmt":"2025-11-05T20:53:35","slug":"services","status":"publish","type":"page","link":"https:\/\/orevia-group.com\/en\/services\/","title":{"rendered":"Services"},"content":{"rendered":"<div class=\"wp-block-uagb-container uagb-block-a2ab0144 alignfull uagb-is-root-container\"><div class=\"uagb-container-inner-blocks-wrap\">\n<div class=\"wp-block-uagb-container uagb-block-c5c4bc6c\">\n<div class=\"wp-block-uagb-container uagb-block-fd23abcb\">\n<figure class=\"wp-block-image size-full is-resized wp-duotone-1dba9e-1dba9f-1\" style=\"margin-top:0px;margin-right:2%;margin-bottom:0px;margin-left:20%\"><a href=\"https:\/\/orevia-group.com\/en\/conseil-strategie-innovation\/\"><img fetchpriority=\"high\" decoding=\"async\" width=\"512\" height=\"512\" src=\"https:\/\/orevia-group.com\/wp-content\/uploads\/2025\/10\/advice.png\" alt=\"advice\" class=\"wp-image-4167\" style=\"width:90px\" title=\"Services\" srcset=\"https:\/\/orevia-group.com\/wp-content\/uploads\/2025\/10\/advice.png 512w, https:\/\/orevia-group.com\/wp-content\/uploads\/2025\/10\/advice-300x300.png 300w, https:\/\/orevia-group.com\/wp-content\/uploads\/2025\/10\/advice-150x150.png 150w\" sizes=\"(max-width: 512px) 100vw, 512px\" \/><\/a><\/figure>\n\n\n\n<div class=\"wp-block-uagb-advanced-heading uagb-block-7b4a5255\"><h6 class=\"uagb-heading-text\">Consulting, Strategy &amp; Innovation<br><\/h6><\/div>\n<\/div>\n\n\n\n<div class=\"wp-block-uagb-container uagb-block-94912a89\">\n<figure class=\"wp-block-image size-full is-resized wp-duotone-1dba9e-1dba9e-2\" style=\"margin-left:50%\"><a href=\"https:\/\/orevia-group.com\/en\/economie-circulaire\/\"><img decoding=\"async\" width=\"512\" height=\"512\" src=\"https:\/\/orevia-group.com\/wp-content\/uploads\/2025\/10\/green-energy.png\" alt=\"green energy\" class=\"wp-image-3401\" style=\"width:90px;height:auto\" title=\"Services\" srcset=\"https:\/\/orevia-group.com\/wp-content\/uploads\/2025\/10\/green-energy.png 512w, https:\/\/orevia-group.com\/wp-content\/uploads\/2025\/10\/green-energy-300x300.png 300w, https:\/\/orevia-group.com\/wp-content\/uploads\/2025\/10\/green-energy-150x150.png 150w\" sizes=\"(max-width: 512px) 100vw, 512px\" \/><\/a><\/figure>\n\n\n\n<div class=\"wp-block-uagb-advanced-heading uagb-block-1ca1f41d\"><h6 class=\"uagb-heading-text\">Circular Economy<\/h6><p class=\"uagb-desc-text\"> <\/p><\/div>\n<\/div>\n\n\n\n<div class=\"wp-block-uagb-container uagb-block-48e8e9c7\">\n<figure class=\"wp-block-image size-full is-resized wp-duotone-1dba9e-1dba9f-3\" style=\"margin-top:0;margin-bottom:0px;margin-left:40%\"><a href=\"https:\/\/orevia-group.com\/en\/developpement-de-materiaux-bas-carbone\/\"><img decoding=\"async\" width=\"512\" height=\"512\" src=\"https:\/\/orevia-group.com\/wp-content\/uploads\/2025\/10\/building.png\" alt=\"building\" class=\"wp-image-3409\" style=\"width:90px\" title=\"Services\" srcset=\"https:\/\/orevia-group.com\/wp-content\/uploads\/2025\/10\/building.png 512w, https:\/\/orevia-group.com\/wp-content\/uploads\/2025\/10\/building-300x300.png 300w, https:\/\/orevia-group.com\/wp-content\/uploads\/2025\/10\/building-150x150.png 150w\" sizes=\"(max-width: 512px) 100vw, 512px\" \/><\/a><\/figure>\n\n\n\n<div class=\"wp-block-uagb-advanced-heading uagb-block-e713eebf\"><h6 class=\"uagb-heading-text\">Development of low-carbon materials <\/h6><\/div>\n<\/div>\n\n\n\n<div class=\"wp-block-uagb-container uagb-block-4156334e\">\n<figure class=\"wp-block-image size-full is-resized wp-duotone-1dba9e-1dba9f-4\" style=\"margin-top:0%;margin-right:0%;margin-bottom:0%;margin-left:40%\"><a href=\"https:\/\/orevia-group.com\/en\/gestion-ecologique-des-dechets\/\"><img loading=\"lazy\" decoding=\"async\" width=\"512\" height=\"512\" src=\"https:\/\/orevia-group.com\/wp-content\/uploads\/2025\/10\/sorting.png\" alt=\"sorting\" class=\"wp-image-4158\" style=\"width:90px;height:auto\" title=\"Services\" srcset=\"https:\/\/orevia-group.com\/wp-content\/uploads\/2025\/10\/sorting.png 512w, https:\/\/orevia-group.com\/wp-content\/uploads\/2025\/10\/sorting-300x300.png 300w, https:\/\/orevia-group.com\/wp-content\/uploads\/2025\/10\/sorting-150x150.png 150w\" sizes=\"(max-width: 512px) 100vw, 512px\" \/><\/a><\/figure>\n\n\n\n<div class=\"wp-block-uagb-advanced-heading uagb-block-1d69a3a6\"><h6 class=\"uagb-heading-text\">Ecological Waste Management<\/h6><\/div>\n<\/div>\n\n\n\n<div class=\"wp-block-uagb-container uagb-block-4075ce30\">\n<figure class=\"wp-block-image size-full is-resized wp-duotone-1dba9e-1dba9f-5\" style=\"margin-left:20%\"><a href=\"https:\/\/orevia-group.com\/en\/valorisation-de-leau\/\"><img loading=\"lazy\" decoding=\"async\" width=\"512\" height=\"512\" src=\"https:\/\/orevia-group.com\/wp-content\/uploads\/2025\/10\/water-management-2.png\" alt=\"water management (2)\" class=\"wp-image-4160\" style=\"width:90px\" title=\"Services\" srcset=\"https:\/\/orevia-group.com\/wp-content\/uploads\/2025\/10\/water-management-2.png 512w, https:\/\/orevia-group.com\/wp-content\/uploads\/2025\/10\/water-management-2-300x300.png 300w, https:\/\/orevia-group.com\/wp-content\/uploads\/2025\/10\/water-management-2-150x150.png 150w\" sizes=\"(max-width: 512px) 100vw, 512px\" \/><\/a><\/figure>\n\n\n\n<div class=\"wp-block-uagb-advanced-heading uagb-block-f8a0f373\"><h6 class=\"uagb-heading-text\">Valorisation de l&rsquo;eau<\/h6><\/div>\n<\/div>\n<\/div>\n\n\n\n<div class=\"wp-block-uagb-container uagb-block-b7a801fe default uagb-is-root-container\">\n<div class=\"wp-block-uagb-container uagb-block-b7740627\">\n<figure class=\"wp-block-image size-full is-resized wp-duotone-1dba9e-1dba9e-6\" style=\"margin-top:0%;margin-right:0%;margin-bottom:0%;margin-left:30%\"><a href=\"https:\/\/orevia-group.com\/en\/solutions-energetiques-durables\/\"><img decoding=\"async\" width=\"512\" height=\"512\" src=\"https:\/\/orevia-group.com\/wp-content\/uploads\/2025\/10\/green-energy.png\" alt=\"green energy\" class=\"wp-image-3401\" style=\"width:90px;height:auto\" title=\"Services\" srcset=\"https:\/\/orevia-group.com\/wp-content\/uploads\/2025\/10\/green-energy.png 512w, https:\/\/orevia-group.com\/wp-content\/uploads\/2025\/10\/green-energy-300x300.png 300w, https:\/\/orevia-group.com\/wp-content\/uploads\/2025\/10\/green-energy-150x150.png 150w\" sizes=\"(max-width: 512px) 100vw, 512px\" \/><\/a><\/figure>\n\n\n\n<div class=\"wp-block-uagb-advanced-heading uagb-block-025ebbfd\"><h5 class=\"uagb-heading-text\">Sustainable Energy Solutions<\/h5><\/div>\n<\/div>\n\n\n\n<div class=\"wp-block-uagb-container uagb-block-0b1e7f41\">\n<figure class=\"wp-block-image size-full is-resized wp-duotone-1dba9e-1dba9f-7\" style=\"margin-top:0%;margin-right:0%;margin-bottom:0%;margin-left:30%\"><a href=\"https:\/\/orevia-group.com\/en\/conseil-en-transition-ecologique\/\"><img loading=\"lazy\" decoding=\"async\" width=\"512\" height=\"512\" src=\"https:\/\/orevia-group.com\/wp-content\/uploads\/2025\/10\/statistics.png\" alt=\"statistics\" class=\"wp-image-3408\" style=\"width:90px\" title=\"Ecological Transition Consulting\" srcset=\"https:\/\/orevia-group.com\/wp-content\/uploads\/2025\/10\/statistics.png 512w, https:\/\/orevia-group.com\/wp-content\/uploads\/2025\/10\/statistics-300x300.png 300w, https:\/\/orevia-group.com\/wp-content\/uploads\/2025\/10\/statistics-150x150.png 150w\" sizes=\"(max-width: 512px) 100vw, 512px\" \/><\/a><\/figure>\n\n\n\n<div class=\"wp-block-uagb-advanced-heading uagb-block-76e96585\"><h5 class=\"uagb-heading-text\">Ecological Transition Consulting<br><\/h5><p class=\"uagb-desc-text\">Performance improvement and footprint reduction.<\/p><\/div>\n<\/div>\n\n\n\n<div class=\"wp-block-uagb-container uagb-block-2845401f\">\n<figure class=\"wp-block-image size-full is-resized wp-duotone-fffffe-1dba9f-8\" style=\"margin-top:0px;margin-bottom:0px;margin-left:60%\"><a href=\"https:\/\/orevia-group.com\/en\/digitalisation-et-optimisation-des-processus\/\"><img loading=\"lazy\" decoding=\"async\" width=\"512\" height=\"512\" src=\"https:\/\/orevia-group.com\/wp-content\/uploads\/2025\/10\/chip.png\" alt=\"chip\" class=\"wp-image-3411\" style=\"width:90px\" title=\"Digitalization and Process Optimization\" srcset=\"https:\/\/orevia-group.com\/wp-content\/uploads\/2025\/10\/chip.png 512w, https:\/\/orevia-group.com\/wp-content\/uploads\/2025\/10\/chip-300x300.png 300w, https:\/\/orevia-group.com\/wp-content\/uploads\/2025\/10\/chip-150x150.png 150w\" sizes=\"(max-width: 512px) 100vw, 512px\" \/><\/a><\/figure>\n\n\n\n<div class=\"wp-block-uagb-advanced-heading uagb-block-669b3466\"><h5 class=\"uagb-heading-text\">Digitalization and Process Optimization<\/h5><p class=\"uagb-desc-text\">Performance improvement and footprint reduction.<\/p><\/div>\n<\/div>\n\n\n\n<div class=\"wp-block-uagb-container uagb-block-bc783fd1\">\n<figure class=\"wp-block-image size-full is-resized wp-duotone-1dba9e-1dba9f-9\" style=\"margin-top:0px;margin-bottom:0px;margin-left:60%\"><a href=\"https:\/\/orevia-group.com\/en\/formation-et-sensibilisation\/\"><img loading=\"lazy\" decoding=\"async\" width=\"512\" height=\"512\" src=\"https:\/\/orevia-group.com\/wp-content\/uploads\/2025\/10\/presentation.png\" alt=\"presentation\" class=\"wp-image-3403\" style=\"width:90px\" title=\"Training and Awareness\" srcset=\"https:\/\/orevia-group.com\/wp-content\/uploads\/2025\/10\/presentation.png 512w, https:\/\/orevia-group.com\/wp-content\/uploads\/2025\/10\/presentation-300x300.png 300w, https:\/\/orevia-group.com\/wp-content\/uploads\/2025\/10\/presentation-150x150.png 150w\" sizes=\"(max-width: 512px) 100vw, 512px\" \/><\/a><\/figure>\n\n\n\n<div class=\"wp-block-uagb-advanced-heading uagb-block-f2e66d61\"><h5 class=\"uagb-heading-text\">Training and Awareness<\/h5><\/div>\n\n\n\n<p class=\"has-text-align-center\" style=\"margin-top:0px;margin-bottom:0px\">Raising awareness among teams about sustainable practices.<\/p>\n<\/div>\n<\/div>\n<\/div><\/div>\n\n\n\n<div class=\"wp-block-group alignfull has-highlight-background-color has-background has-global-padding is-content-justification-center is-layout-constrained wp-container-core-group-is-layout-6f010f42 wp-block-group-is-layout-constrained\" style=\"margin-top:0;margin-bottom:0px;padding-top:100px;padding-bottom:80px\">\n<div class=\"wp-block-columns is-layout-flex wp-container-core-columns-is-layout-28f84493 wp-block-columns-is-layout-flex\">\n<div class=\"wp-block-column is-layout-flow wp-block-column-is-layout-flow\" style=\"flex-basis:15%\"><\/div>\n\n\n\n<div class=\"wp-block-column is-layout-flow wp-block-column-is-layout-flow\" style=\"flex-basis:70%\">\n<div class=\"wp-block-group has-global-padding is-layout-constrained wp-container-core-group-is-layout-7d0d3654 wp-block-group-is-layout-constrained\">\n<div class=\"wp-block-group has-global-padding is-layout-constrained wp-block-group-is-layout-constrained\">\n<div class=\"wp-block-group is-content-justification-center is-nowrap is-layout-flex wp-container-core-group-is-layout-71978bd4 wp-block-group-is-layout-flex\">\n<hr class=\"wp-block-separator has-text-color has-pure-white-color has-alpha-channel-opacity has-pure-white-background-color has-background wp-container-content-e1bb55cb\"\/>\n\n\n\n<h6 class=\"wp-block-heading has-pure-white-color has-text-color has-link-color has-open-sans-font-family wp-elements-1979c72f93a2224a6d9a3075e4979508\"><\/h6>\n\n\n\n<hr class=\"wp-block-separator has-text-color has-pure-white-color has-alpha-channel-opacity has-pure-white-background-color has-background wp-container-content-e1bb55cb\"\/>\n<\/div>\n\n\n\n<h2 class=\"wp-block-heading has-text-align-center has-pure-white-color has-text-color has-link-color has-work-sans-font-family wp-elements-cb5a85afa6846f8719c275a597487e8e\" style=\"font-style:normal;font-weight:600;line-height:1.1\">Contact us to learn more about our solutions<\/h2>\n<\/div>\n<\/div>\n<\/div>\n\n\n\n<div class=\"wp-block-column is-layout-flow wp-block-column-is-layout-flow\" style=\"flex-basis:15%\"><\/div>\n<\/div>\n\n\n\n<div class=\"wp-block-buttons is-content-justification-center is-layout-flex wp-container-core-buttons-is-layout-7583787f wp-block-buttons-is-layout-flex\">\n<div class=\"wp-block-button is-style-bk-button-secondary\"><a class=\"wp-block-button__link wp-element-button\" href=\"https:\/\/orevia-group.com\/en\/contact\/\" style=\"border-radius:10px;padding-top:var(--wp--preset--spacing--x-small);padding-right:var(--wp--preset--spacing--small);padding-bottom:var(--wp--preset--spacing--x-small);padding-left:var(--wp--preset--spacing--small)\">Contact us<\/a><\/div>\n<\/div>\n<\/div>\n\n\n\n<p><\/p>","protected":false},"excerpt":{"rendered":"<p>Conseil, Strat\u00e9gie &amp; Innovation Economie Circulaire D\u00e9veloppement de mat\u00e9riaux bas carbone Gestion \u00c9cologique des D\u00e9chets Valorisation de l&rsquo;eau Solutions \u00c9nerg\u00e9tiques Durables Conseil en Transition \u00c9cologique Am\u00e9lioration des performances et r\u00e9duction d\u2019empreinte. Digitalisation et Optimisation des Processus Am\u00e9lioration des performances et r\u00e9duction d\u2019empreinte. Formation et Sensibilisation Sensibilisation des \u00e9quipes aux pratiques durables. Contactez-nous pour en savoir [&hellip;]<\/p>","protected":false},"author":1,"featured_media":0,"parent":0,"menu_order":0,"comment_status":"closed","ping_status":"closed","template":"page-no-gap","meta":{"_uag_custom_page_level_css":"","footnotes":""},"class_list":["post-3214","page","type-page","status-publish","hentry"],"aioseo_notices":[],"_hostinger_reach_plugin_has_subscription_block":false,"_hostinger_reach_plugin_is_elementor":false,"uagb_featured_image_src":{"full":false,"thumbnail":false,"medium":false,"medium_large":false,"large":false,"1536x1536":false,"2048x2048":false,"trp-custom-language-flag":false},"uagb_author_info":{"display_name":"oumaya.ymarzouk@gmail.com","author_link":"https:\/\/orevia-group.com\/en\/author\/oumaya-ymarzoukgmail-com\/"},"uagb_comment_info":0,"uagb_excerpt":"Conseil, Strat\u00e9gie &amp; Innovation Economie Circulaire D\u00e9veloppement de mat\u00e9riaux bas carbone Gestion \u00c9cologique des D\u00e9chets Valorisation de l&rsquo;eau Solutions \u00c9nerg\u00e9tiques Durables Conseil en Transition \u00c9cologique Am\u00e9lioration des performances et r\u00e9duction d\u2019empreinte. Digitalisation et Optimisation des Processus Am\u00e9lioration des performances et r\u00e9duction d\u2019empreinte. Formation et Sensibilisation Sensibilisation des \u00e9quipes aux pratiques durables. Contactez-nous pour en savoir&hellip;","_links":{"self":[{"href":"https:\/\/orevia-group.com\/en\/wp-json\/wp\/v2\/pages\/3214","targetHints":{"allow":["GET"]}}],"collection":[{"href":"https:\/\/orevia-group.com\/en\/wp-json\/wp\/v2\/pages"}],"about":[{"href":"https:\/\/orevia-group.com\/en\/wp-json\/wp\/v2\/types\/page"}],"author":[{"embeddable":true,"href":"https:\/\/orevia-group.com\/en\/wp-json\/wp\/v2\/users\/1"}],"replies":[{"embeddable":true,"href":"https:\/\/orevia-group.com\/en\/wp-json\/wp\/v2\/comments?post=3214"}],"version-history":[{"count":107,"href":"https:\/\/orevia-group.com\/en\/wp-json\/wp\/v2\/pages\/3214\/revisions"}],"predecessor-version":[{"id":4336,"href":"https:\/\/orevia-group.com\/en\/wp-json\/wp\/v2\/pages\/3214\/revisions\/4336"}],"wp:attachment":[{"href":"https:\/\/orevia-group.com\/en\/wp-json\/wp\/v2\/media?parent=3214"}],"curies":[{"name":"wp","href":"https:\/\/api.w.org\/{rel}","templated":true}]}}