{"id":3523,"date":"2025-10-23T17:15:40","date_gmt":"2025-10-23T16:15:40","guid":{"rendered":"https:\/\/orevia-group.com\/?page_id=3523"},"modified":"2025-11-05T19:06:40","modified_gmt":"2025-11-05T18:06:40","slug":"developpement-de-materiaux-bas-carbone","status":"publish","type":"page","link":"https:\/\/orevia-group.com\/en\/developpement-de-materiaux-bas-carbone\/","title":{"rendered":"Development of Low Carbon Materials"},"content":{"rendered":"<div class=\"wp-block-uagb-container uagb-block-a2ab0144 alignfull uagb-is-root-container\"><div class=\"uagb-container-inner-blocks-wrap\">\n<div class=\"wp-block-uagb-container uagb-block-b7a801fe\">\n<div class=\"wp-block-uagb-container uagb-block-b5b1cb39\">\n<div class=\"wp-block-group has-border-color has-pure-white-background-color has-background wp-container-content-962be591 is-layout-flow wp-block-group-is-layout-flow\" style=\"border-color:#E5E7EB;border-width:1px;border-radius:20px;padding-top:var(--wp--preset--spacing--x-small);padding-right:var(--wp--preset--spacing--xx-small);padding-bottom:var(--wp--preset--spacing--x-small);padding-left:var(--wp--preset--spacing--xx-small)\">\n<figure class=\"wp-block-image aligncenter size-thumbnail is-resized is-style-bk-box-shadow wp-duotone-1dba9e-1dba9e-1\"><img decoding=\"async\" width=\"150\" height=\"150\" src=\"https:\/\/orevia-group.com\/wp-content\/uploads\/2025\/10\/building-150x150.png\" alt=\"building\" class=\"wp-image-3409\" style=\"object-fit:cover;width:207px;height:auto\" title=\"Development of Low Carbon Materials\" srcset=\"https:\/\/orevia-group.com\/wp-content\/uploads\/2025\/10\/building-150x150.png 150w, https:\/\/orevia-group.com\/wp-content\/uploads\/2025\/10\/building-300x300.png 300w, https:\/\/orevia-group.com\/wp-content\/uploads\/2025\/10\/building.png 512w\" sizes=\"(max-width: 150px) 100vw, 150px\" \/><\/figure>\n\n\n\n<div class=\"wp-block-uagb-advanced-heading uagb-block-5caf54ed\"><h5 class=\"uagb-heading-text\">Development of Low Carbon Materials<\/h5><\/div>\n<\/div>\n<\/div>\n\n\n\n<p>At OREVIA, we develop low-carbon materials made from alternative aggregates or ecological binders.<br>Our solutions help to limit CO\u2082 emissions while guaranteeing the technical performance and durability of the structures.<br>We support our building partners in the research, formulation and implementation of concrete and measurable solutions.<\/p>\n<\/div>\n\n\n\n<div class=\"wp-block-uagb-container uagb-block-7a792a4e\"><\/div>\n<\/div><\/div>\n\n\n\n<div class=\"wp-block-group alignfull has-highlight-background-color has-background has-global-padding is-content-justification-center is-layout-constrained wp-container-core-group-is-layout-6f010f42 wp-block-group-is-layout-constrained\" style=\"margin-top:0;margin-bottom:0px;padding-top:100px;padding-bottom:80px\">\n<div class=\"wp-block-columns is-layout-flex wp-container-core-columns-is-layout-28f84493 wp-block-columns-is-layout-flex\">\n<div class=\"wp-block-column is-layout-flow wp-block-column-is-layout-flow\" style=\"flex-basis:15%\"><\/div>\n\n\n\n<div class=\"wp-block-column is-layout-flow wp-block-column-is-layout-flow\" style=\"flex-basis:70%\">\n<div class=\"wp-block-group has-global-padding is-layout-constrained wp-container-core-group-is-layout-7d0d3654 wp-block-group-is-layout-constrained\">\n<div class=\"wp-block-group has-global-padding is-layout-constrained wp-block-group-is-layout-constrained\">\n<div class=\"wp-block-group is-content-justification-center is-nowrap is-layout-flex wp-container-core-group-is-layout-71978bd4 wp-block-group-is-layout-flex\">\n<hr class=\"wp-block-separator has-text-color has-pure-white-color has-alpha-channel-opacity has-pure-white-background-color has-background wp-container-content-e1bb55cb\"\/>\n\n\n\n<hr class=\"wp-block-separator has-text-color has-pure-white-color has-alpha-channel-opacity has-pure-white-background-color has-background wp-container-content-e1bb55cb\"\/>\n<\/div>\n\n\n\n<h2 class=\"wp-block-heading has-text-align-center has-pure-white-color has-text-color has-link-color has-work-sans-font-family wp-elements-801db6e01f1110da1cfc51e71898921f\" style=\"font-style:normal;font-weight:600;line-height:1.1\"><strong>Contact us<\/strong> to learn more about our low-carbon solutions.<\/h2>\n<\/div>\n<\/div>\n<\/div>\n\n\n\n<div class=\"wp-block-column is-layout-flow wp-block-column-is-layout-flow\" style=\"flex-basis:15%\"><\/div>\n<\/div>\n\n\n\n<div class=\"wp-block-buttons is-content-justification-center is-layout-flex wp-container-core-buttons-is-layout-7583787f wp-block-buttons-is-layout-flex\">\n<div class=\"wp-block-button is-style-bk-button-secondary\"><a class=\"wp-block-button__link wp-element-button\" style=\"border-radius:10px;padding-top:var(--wp--preset--spacing--x-small);padding-right:var(--wp--preset--spacing--small);padding-bottom:var(--wp--preset--spacing--x-small);padding-left:var(--wp--preset--spacing--small)\"><strong>Contact us<\/strong><\/a><\/div>\n<\/div>\n<\/div>\n\n\n\n<p><\/p>","protected":false},"excerpt":{"rendered":"<p>D\u00e9veloppement de Mat\u00e9riaux Bas Carbone Chez OREVIA, nous d\u00e9veloppons des mat\u00e9riaux bas carbone issus de granulats alternatifs ou de liants \u00e9cologiques.Nos solutions permettent de limiter les \u00e9missions de CO\u2082 tout en garantissant la performance technique et la durabilit\u00e9 des ouvrages.Nous accompagnons nos partenaires du b\u00e2timent dans la recherche, la formulation et la mise en \u0153uvre [&hellip;]<\/p>","protected":false},"author":1,"featured_media":0,"parent":0,"menu_order":0,"comment_status":"closed","ping_status":"closed","template":"","meta":{"_uag_custom_page_level_css":"","footnotes":""},"class_list":["post-3523","page","type-page","status-publish","hentry"],"aioseo_notices":[],"_hostinger_reach_plugin_has_subscription_block":false,"_hostinger_reach_plugin_is_elementor":false,"uagb_featured_image_src":{"full":false,"thumbnail":false,"medium":false,"medium_large":false,"large":false,"1536x1536":false,"2048x2048":false,"trp-custom-language-flag":false},"uagb_author_info":{"display_name":"oumaya.ymarzouk@gmail.com","author_link":"https:\/\/orevia-group.com\/en\/author\/oumaya-ymarzoukgmail-com\/"},"uagb_comment_info":0,"uagb_excerpt":"D\u00e9veloppement de Mat\u00e9riaux Bas Carbone Chez OREVIA, nous d\u00e9veloppons des mat\u00e9riaux bas carbone issus de granulats alternatifs ou de liants \u00e9cologiques.Nos solutions permettent de limiter les \u00e9missions de CO\u2082 tout en garantissant la performance technique et la durabilit\u00e9 des ouvrages.Nous accompagnons nos partenaires du b\u00e2timent dans la recherche, la formulation et la mise en \u0153uvre&hellip;","_links":{"self":[{"href":"https:\/\/orevia-group.com\/en\/wp-json\/wp\/v2\/pages\/3523","targetHints":{"allow":["GET"]}}],"collection":[{"href":"https:\/\/orevia-group.com\/en\/wp-json\/wp\/v2\/pages"}],"about":[{"href":"https:\/\/orevia-group.com\/en\/wp-json\/wp\/v2\/types\/page"}],"author":[{"embeddable":true,"href":"https:\/\/orevia-group.com\/en\/wp-json\/wp\/v2\/users\/1"}],"replies":[{"embeddable":true,"href":"https:\/\/orevia-group.com\/en\/wp-json\/wp\/v2\/comments?post=3523"}],"version-history":[{"count":10,"href":"https:\/\/orevia-group.com\/en\/wp-json\/wp\/v2\/pages\/3523\/revisions"}],"predecessor-version":[{"id":4245,"href":"https:\/\/orevia-group.com\/en\/wp-json\/wp\/v2\/pages\/3523\/revisions\/4245"}],"wp:attachment":[{"href":"https:\/\/orevia-group.com\/en\/wp-json\/wp\/v2\/media?parent=3523"}],"curies":[{"name":"wp","href":"https:\/\/api.w.org\/{rel}","templated":true}]}}