{"id":3542,"date":"2025-10-23T20:19:15","date_gmt":"2025-10-23T19:19:15","guid":{"rendered":"https:\/\/orevia-group.com\/?page_id=3542"},"modified":"2025-11-05T19:08:19","modified_gmt":"2025-11-05T18:08:19","slug":"gestion-ecologique-des-dechets","status":"publish","type":"page","link":"https:\/\/orevia-group.com\/en\/gestion-ecologique-des-dechets\/","title":{"rendered":"Ecological Waste Management"},"content":{"rendered":"<div class=\"wp-block-uagb-container uagb-block-a2ab0144 alignfull uagb-is-root-container\"><div class=\"uagb-container-inner-blocks-wrap\">\n<div class=\"wp-block-uagb-container uagb-block-b7a801fe\">\n<div class=\"wp-block-uagb-container uagb-block-b5b1cb39\">\n<div class=\"wp-block-group is-style-bk-box-shadow has-pure-white-background-color has-background has-global-padding is-layout-constrained wp-container-core-group-is-layout-6d23b32f wp-block-group-is-layout-constrained\" style=\"border-radius:20px;padding-top:var(--wp--preset--spacing--small);padding-bottom:var(--wp--preset--spacing--small);padding-left:30px\">\n<div class=\"wp-block-group is-content-justification-left is-layout-flex wp-container-core-group-is-layout-c21286de wp-block-group-is-layout-flex\">\n<div class=\"wp-block-group has-global-padding is-layout-constrained wp-block-group-is-layout-constrained\">\n<div class=\"wp-block-group has-global-padding is-layout-constrained wp-block-group-is-layout-constrained\">\n<figure class=\"wp-block-image aligncenter size-full is-resized wp-duotone-1dba9e-1dba9e-1\"><img fetchpriority=\"high\" decoding=\"async\" width=\"512\" height=\"512\" src=\"https:\/\/orevia-group.com\/wp-content\/uploads\/2025\/10\/sorting.png\" alt=\"sorting\" class=\"wp-image-4158\" style=\"width:170px\" title=\"Ecological Waste Management\" srcset=\"https:\/\/orevia-group.com\/wp-content\/uploads\/2025\/10\/sorting.png 512w, https:\/\/orevia-group.com\/wp-content\/uploads\/2025\/10\/sorting-300x300.png 300w, https:\/\/orevia-group.com\/wp-content\/uploads\/2025\/10\/sorting-150x150.png 150w\" sizes=\"(max-width: 512px) 100vw, 512px\" \/><\/figure>\n<\/div>\n<\/div>\n\n\n\n<div class=\"wp-block-group wp-container-content-d9f67ff0 has-global-padding is-layout-constrained wp-container-core-group-is-layout-19e250f3 wp-block-group-is-layout-constrained\">\n<h5 class=\"wp-block-heading has-text-align-center has-work-sans-font-family\" style=\"font-style:normal;font-weight:600\"><strong>Ecological Waste Management<\/strong><\/h5>\n\n\n\n<p><\/p>\n<\/div>\n<\/div>\n<\/div>\n<\/div>\n\n\n\n<p>OREVIA supports companies in reducing, sorting and recovering their industrial waste.<br>Through innovative and responsible solutions, we transform waste into sustainable resources, while minimizing environmental impact and optimizing costs.<br>Our experts implement tailored strategies, adapted to each sector, to create a virtuous circle where waste and sustainability coexist.<\/p>\n<\/div>\n\n\n\n<div class=\"wp-block-uagb-container uagb-block-7a792a4e\"><\/div>\n<\/div><\/div>\n\n\n\n<div class=\"wp-block-group alignfull has-highlight-background-color has-background has-global-padding is-content-justification-center is-layout-constrained wp-container-core-group-is-layout-6f010f42 wp-block-group-is-layout-constrained\" style=\"margin-top:0;margin-bottom:0px;padding-top:100px;padding-bottom:80px\">\n<div class=\"wp-block-columns is-layout-flex wp-container-core-columns-is-layout-28f84493 wp-block-columns-is-layout-flex\">\n<div class=\"wp-block-column is-layout-flow wp-block-column-is-layout-flow\" style=\"flex-basis:15%\"><\/div>\n\n\n\n<div class=\"wp-block-column is-layout-flow wp-block-column-is-layout-flow\" style=\"flex-basis:70%\">\n<div class=\"wp-block-group has-global-padding is-layout-constrained wp-container-core-group-is-layout-7d0d3654 wp-block-group-is-layout-constrained\">\n<div class=\"wp-block-group has-global-padding is-layout-constrained wp-block-group-is-layout-constrained\">\n<div class=\"wp-block-group is-content-justification-center is-nowrap is-layout-flex wp-container-core-group-is-layout-71978bd4 wp-block-group-is-layout-flex\">\n<hr class=\"wp-block-separator has-text-color has-pure-white-color has-alpha-channel-opacity has-pure-white-background-color has-background wp-container-content-e1bb55cb\"\/>\n\n\n\n<hr class=\"wp-block-separator has-text-color has-pure-white-color has-alpha-channel-opacity has-pure-white-background-color has-background wp-container-content-e1bb55cb\"\/>\n<\/div>\n\n\n\n<h2 class=\"wp-block-heading has-text-align-center has-pure-white-color has-text-color has-link-color has-work-sans-font-family wp-elements-801db6e01f1110da1cfc51e71898921f\" style=\"font-style:normal;font-weight:600;line-height:1.1\"><strong>Contact us<\/strong> to learn more about our low-carbon solutions.<\/h2>\n<\/div>\n<\/div>\n<\/div>\n\n\n\n<div class=\"wp-block-column is-layout-flow wp-block-column-is-layout-flow\" style=\"flex-basis:15%\"><\/div>\n<\/div>\n\n\n\n<div class=\"wp-block-buttons is-content-justification-center is-layout-flex wp-container-core-buttons-is-layout-7583787f wp-block-buttons-is-layout-flex\">\n<div class=\"wp-block-button is-style-bk-button-secondary\"><a class=\"wp-block-button__link wp-element-button\" style=\"border-radius:10px;padding-top:var(--wp--preset--spacing--x-small);padding-right:var(--wp--preset--spacing--small);padding-bottom:var(--wp--preset--spacing--x-small);padding-left:var(--wp--preset--spacing--small)\"><strong>Contact us<\/strong><\/a><\/div>\n<\/div>\n<\/div>\n\n\n\n<p><\/p>","protected":false},"excerpt":{"rendered":"<p>Gestion \u00c9cologique des D\u00e9chets OREVIA accompagne les entreprises dans la r\u00e9duction, le tri et la valorisation de leurs d\u00e9chets industriels.Gr\u00e2ce \u00e0 des solutions innovantes et responsables, nous transformons les d\u00e9chets en ressources durables, tout en minimisant l\u2019impact environnemental et en optimisant les co\u00fbts.Nos experts mettent en place des strat\u00e9gies sur mesure, adapt\u00e9es \u00e0 chaque secteur, [&hellip;]<\/p>","protected":false},"author":1,"featured_media":0,"parent":0,"menu_order":0,"comment_status":"closed","ping_status":"closed","template":"page-no-gap","meta":{"_uag_custom_page_level_css":"","footnotes":""},"class_list":["post-3542","page","type-page","status-publish","hentry"],"aioseo_notices":[],"_hostinger_reach_plugin_has_subscription_block":false,"_hostinger_reach_plugin_is_elementor":false,"uagb_featured_image_src":{"full":false,"thumbnail":false,"medium":false,"medium_large":false,"large":false,"1536x1536":false,"2048x2048":false,"trp-custom-language-flag":false},"uagb_author_info":{"display_name":"oumaya.ymarzouk@gmail.com","author_link":"https:\/\/orevia-group.com\/en\/author\/oumaya-ymarzoukgmail-com\/"},"uagb_comment_info":0,"uagb_excerpt":"Gestion \u00c9cologique des D\u00e9chets OREVIA accompagne les entreprises dans la r\u00e9duction, le tri et la valorisation de leurs d\u00e9chets industriels.Gr\u00e2ce \u00e0 des solutions innovantes et responsables, nous transformons les d\u00e9chets en ressources durables, tout en minimisant l\u2019impact environnemental et en optimisant les co\u00fbts.Nos experts mettent en place des strat\u00e9gies sur mesure, adapt\u00e9es \u00e0 chaque secteur,&hellip;","_links":{"self":[{"href":"https:\/\/orevia-group.com\/en\/wp-json\/wp\/v2\/pages\/3542","targetHints":{"allow":["GET"]}}],"collection":[{"href":"https:\/\/orevia-group.com\/en\/wp-json\/wp\/v2\/pages"}],"about":[{"href":"https:\/\/orevia-group.com\/en\/wp-json\/wp\/v2\/types\/page"}],"author":[{"embeddable":true,"href":"https:\/\/orevia-group.com\/en\/wp-json\/wp\/v2\/users\/1"}],"replies":[{"embeddable":true,"href":"https:\/\/orevia-group.com\/en\/wp-json\/wp\/v2\/comments?post=3542"}],"version-history":[{"count":17,"href":"https:\/\/orevia-group.com\/en\/wp-json\/wp\/v2\/pages\/3542\/revisions"}],"predecessor-version":[{"id":4246,"href":"https:\/\/orevia-group.com\/en\/wp-json\/wp\/v2\/pages\/3542\/revisions\/4246"}],"wp:attachment":[{"href":"https:\/\/orevia-group.com\/en\/wp-json\/wp\/v2\/media?parent=3542"}],"curies":[{"name":"wp","href":"https:\/\/api.w.org\/{rel}","templated":true}]}}