{"id":3566,"date":"2025-10-23T21:39:11","date_gmt":"2025-10-23T20:39:11","guid":{"rendered":"https:\/\/orevia-group.com\/?page_id=3566"},"modified":"2025-11-05T19:13:58","modified_gmt":"2025-11-05T18:13:58","slug":"solutions-energetiques-durables","status":"publish","type":"page","link":"https:\/\/orevia-group.com\/en\/solutions-energetiques-durables\/","title":{"rendered":"Sustainable Energy Solutions"},"content":{"rendered":"<div class=\"wp-block-uagb-container uagb-block-a2ab0144 alignfull uagb-is-root-container\"><div class=\"uagb-container-inner-blocks-wrap\">\n<div class=\"wp-block-uagb-container uagb-block-b7a801fe\">\n<div class=\"wp-block-uagb-container uagb-block-b5b1cb39\">\n<div class=\"wp-block-group has-border-color has-pure-white-background-color has-background wp-container-content-962be591 is-layout-flow wp-block-group-is-layout-flow\" style=\"border-color:#E5E7EB;border-width:1px;border-radius:20px;padding-top:var(--wp--preset--spacing--x-small);padding-right:var(--wp--preset--spacing--xx-small);padding-bottom:var(--wp--preset--spacing--x-small);padding-left:var(--wp--preset--spacing--xx-small)\">\n<figure class=\"wp-block-image aligncenter size-full is-resized wp-duotone-1dba9e-1dba9f-1\"><img fetchpriority=\"high\" decoding=\"async\" width=\"512\" height=\"512\" src=\"https:\/\/orevia-group.com\/wp-content\/uploads\/2025\/10\/green-energy.png\" alt=\"green energy\" class=\"wp-image-3401\" style=\"width:180px\" title=\"Sustainable Energy Solutions\" srcset=\"https:\/\/orevia-group.com\/wp-content\/uploads\/2025\/10\/green-energy.png 512w, https:\/\/orevia-group.com\/wp-content\/uploads\/2025\/10\/green-energy-300x300.png 300w, https:\/\/orevia-group.com\/wp-content\/uploads\/2025\/10\/green-energy-150x150.png 150w\" sizes=\"(max-width: 512px) 100vw, 512px\" \/><\/figure>\n\n\n\n<div class=\"wp-block-uagb-advanced-heading uagb-block-5caf54ed\"><h5 class=\"uagb-heading-text\"><strong>Sustainable Energy Solutions<\/strong><\/h5><\/div>\n<\/div>\n<\/div>\n\n\n\n<p>OREVIA supports companies in optimizing their energy consumption through efficient solutions and renewable energy sources.<br>We are implementing innovative technologies that reduce the carbon footprint while ensuring the performance and competitiveness of the facilities.<br>Each project is custom-designed to maximize energy savings and contribute to a greener future.<\/p>\n<\/div>\n\n\n\n<div class=\"wp-block-uagb-container uagb-block-7a792a4e\"><\/div>\n<\/div><\/div>\n\n\n\n<div class=\"wp-block-group alignfull has-highlight-background-color has-background has-global-padding is-content-justification-center is-layout-constrained wp-container-core-group-is-layout-6f010f42 wp-block-group-is-layout-constrained\" style=\"margin-top:0;margin-bottom:0px;padding-top:100px;padding-bottom:80px\">\n<div class=\"wp-block-columns is-layout-flex wp-container-core-columns-is-layout-28f84493 wp-block-columns-is-layout-flex\">\n<div class=\"wp-block-column is-layout-flow wp-block-column-is-layout-flow\" style=\"flex-basis:15%\"><\/div>\n\n\n\n<div class=\"wp-block-column is-layout-flow wp-block-column-is-layout-flow\" style=\"flex-basis:70%\">\n<div class=\"wp-block-group has-global-padding is-layout-constrained wp-container-core-group-is-layout-7d0d3654 wp-block-group-is-layout-constrained\">\n<div class=\"wp-block-group has-global-padding is-layout-constrained wp-block-group-is-layout-constrained\">\n<div class=\"wp-block-group is-content-justification-center is-nowrap is-layout-flex wp-container-core-group-is-layout-71978bd4 wp-block-group-is-layout-flex\">\n<hr class=\"wp-block-separator has-text-color has-pure-white-color has-alpha-channel-opacity has-pure-white-background-color has-background wp-container-content-e1bb55cb\"\/>\n\n\n\n<hr class=\"wp-block-separator has-text-color has-pure-white-color has-alpha-channel-opacity has-pure-white-background-color has-background wp-container-content-e1bb55cb\"\/>\n<\/div>\n\n\n\n<h2 class=\"wp-block-heading has-text-align-center has-pure-white-color has-text-color has-link-color has-work-sans-font-family wp-elements-a68df0b9c338fa8483bc64651ee9b639\" style=\"font-style:normal;font-weight:600;line-height:1.1\"><strong>Contact us<\/strong> pour en savoir plus sur nos solutions \u00c9nerg\u00e9tiques Durables.<\/h2>\n<\/div>\n<\/div>\n<\/div>\n\n\n\n<div class=\"wp-block-column is-layout-flow wp-block-column-is-layout-flow\" style=\"flex-basis:15%\"><\/div>\n<\/div>\n\n\n\n<div class=\"wp-block-buttons is-content-justification-center is-layout-flex wp-container-core-buttons-is-layout-7583787f wp-block-buttons-is-layout-flex\">\n<div class=\"wp-block-button is-style-bk-button-secondary\"><a class=\"wp-block-button__link wp-element-button\" style=\"border-radius:10px;padding-top:var(--wp--preset--spacing--x-small);padding-right:var(--wp--preset--spacing--small);padding-bottom:var(--wp--preset--spacing--x-small);padding-left:var(--wp--preset--spacing--small)\"><strong>Contact us<\/strong><\/a><\/div>\n<\/div>\n<\/div>\n\n\n\n<p><\/p>","protected":false},"excerpt":{"rendered":"<p>Solutions \u00c9nerg\u00e9tiques Durables OREVIA accompagne les entreprises dans l\u2019optimisation de leur consommation \u00e9nerg\u00e9tique gr\u00e2ce \u00e0 des solutions efficaces et des sources d\u2019\u00e9nergie renouvelables.Nous mettons en place des technologies innovantes qui r\u00e9duisent l\u2019empreinte carbone tout en garantissant la performance et la comp\u00e9titivit\u00e9 des installations.Chaque projet est con\u00e7u sur mesure pour maximiser les \u00e9conomies d\u2019\u00e9nergie et contribuer [&hellip;]<\/p>","protected":false},"author":1,"featured_media":0,"parent":0,"menu_order":0,"comment_status":"closed","ping_status":"closed","template":"","meta":{"_uag_custom_page_level_css":"","footnotes":""},"class_list":["post-3566","page","type-page","status-publish","hentry"],"aioseo_notices":[],"_hostinger_reach_plugin_has_subscription_block":false,"_hostinger_reach_plugin_is_elementor":false,"uagb_featured_image_src":{"full":false,"thumbnail":false,"medium":false,"medium_large":false,"large":false,"1536x1536":false,"2048x2048":false,"trp-custom-language-flag":false},"uagb_author_info":{"display_name":"oumaya.ymarzouk@gmail.com","author_link":"https:\/\/orevia-group.com\/en\/author\/oumaya-ymarzoukgmail-com\/"},"uagb_comment_info":0,"uagb_excerpt":"Solutions \u00c9nerg\u00e9tiques Durables OREVIA accompagne les entreprises dans l\u2019optimisation de leur consommation \u00e9nerg\u00e9tique gr\u00e2ce \u00e0 des solutions efficaces et des sources d\u2019\u00e9nergie renouvelables.Nous mettons en place des technologies innovantes qui r\u00e9duisent l\u2019empreinte carbone tout en garantissant la performance et la comp\u00e9titivit\u00e9 des installations.Chaque projet est con\u00e7u sur mesure pour maximiser les \u00e9conomies d\u2019\u00e9nergie et contribuer&hellip;","_links":{"self":[{"href":"https:\/\/orevia-group.com\/en\/wp-json\/wp\/v2\/pages\/3566","targetHints":{"allow":["GET"]}}],"collection":[{"href":"https:\/\/orevia-group.com\/en\/wp-json\/wp\/v2\/pages"}],"about":[{"href":"https:\/\/orevia-group.com\/en\/wp-json\/wp\/v2\/types\/page"}],"author":[{"embeddable":true,"href":"https:\/\/orevia-group.com\/en\/wp-json\/wp\/v2\/users\/1"}],"replies":[{"embeddable":true,"href":"https:\/\/orevia-group.com\/en\/wp-json\/wp\/v2\/comments?post=3566"}],"version-history":[{"count":9,"href":"https:\/\/orevia-group.com\/en\/wp-json\/wp\/v2\/pages\/3566\/revisions"}],"predecessor-version":[{"id":4247,"href":"https:\/\/orevia-group.com\/en\/wp-json\/wp\/v2\/pages\/3566\/revisions\/4247"}],"wp:attachment":[{"href":"https:\/\/orevia-group.com\/en\/wp-json\/wp\/v2\/media?parent=3566"}],"curies":[{"name":"wp","href":"https:\/\/api.w.org\/{rel}","templated":true}]}}