{"id":3570,"date":"2025-10-23T21:54:37","date_gmt":"2025-10-23T20:54:37","guid":{"rendered":"https:\/\/orevia-group.com\/?page_id=3570"},"modified":"2025-11-05T19:35:26","modified_gmt":"2025-11-05T18:35:26","slug":"digitalisation-et-optimisation-des-processus","status":"publish","type":"page","link":"https:\/\/orevia-group.com\/en\/digitalisation-et-optimisation-des-processus\/","title":{"rendered":"Digitalization and Process Optimization"},"content":{"rendered":"<div class=\"wp-block-uagb-container uagb-block-a2ab0144 alignfull uagb-is-root-container\"><div class=\"uagb-container-inner-blocks-wrap\">\n<div class=\"wp-block-uagb-container uagb-block-b7a801fe\">\n<div class=\"wp-block-uagb-container uagb-block-b5b1cb39\">\n<div class=\"wp-block-group has-border-color has-pure-white-background-color has-background wp-container-content-962be591 is-layout-flow wp-block-group-is-layout-flow\" style=\"border-color:#E5E7EB;border-width:1px;border-radius:20px;padding-top:var(--wp--preset--spacing--x-small);padding-right:var(--wp--preset--spacing--xx-small);padding-bottom:var(--wp--preset--spacing--x-small);padding-left:var(--wp--preset--spacing--xx-small)\">\n<figure class=\"wp-block-image size-full wp-duotone-fffffe-1dba9f-1\"><img fetchpriority=\"high\" decoding=\"async\" width=\"512\" height=\"512\" src=\"https:\/\/orevia-group.com\/wp-content\/uploads\/2025\/10\/chip.png\" alt=\"chip\" class=\"wp-image-3411\" title=\"Digitalization and Process Optimization\" srcset=\"https:\/\/orevia-group.com\/wp-content\/uploads\/2025\/10\/chip.png 512w, https:\/\/orevia-group.com\/wp-content\/uploads\/2025\/10\/chip-300x300.png 300w, https:\/\/orevia-group.com\/wp-content\/uploads\/2025\/10\/chip-150x150.png 150w\" sizes=\"(max-width: 512px) 100vw, 512px\" \/><\/figure>\n\n\n\n<div class=\"wp-block-uagb-advanced-heading uagb-block-5caf54ed\"><h5 class=\"uagb-heading-text\"><strong>Digitalization and Process Optimization<\/strong><\/h5><\/div>\n<\/div>\n<\/div>\n\n\n\n<p>OREVIA helps companies digitize their processes for greater efficiency and less environmental impact.          <br>Through digital solutions and automation, we improve operational performance while reducing waste, energy consumption and costs.<br>Each project is designed to create sustainable, fast, and measurable processes.<\/p>\n<\/div>\n\n\n\n<div class=\"wp-block-uagb-container uagb-block-7a792a4e\"><\/div>\n<\/div><\/div>\n\n\n\n<div class=\"wp-block-group alignfull has-highlight-background-color has-background has-global-padding is-content-justification-center is-layout-constrained wp-container-core-group-is-layout-6f010f42 wp-block-group-is-layout-constrained\" style=\"margin-top:0;margin-bottom:0px;padding-top:100px;padding-bottom:80px\">\n<div class=\"wp-block-columns is-layout-flex wp-container-core-columns-is-layout-28f84493 wp-block-columns-is-layout-flex\">\n<div class=\"wp-block-column is-layout-flow wp-block-column-is-layout-flow\" style=\"flex-basis:15%\"><\/div>\n\n\n\n<div class=\"wp-block-column is-layout-flow wp-block-column-is-layout-flow\" style=\"flex-basis:70%\">\n<div class=\"wp-block-group has-global-padding is-layout-constrained wp-container-core-group-is-layout-7d0d3654 wp-block-group-is-layout-constrained\">\n<div class=\"wp-block-group has-global-padding is-layout-constrained wp-block-group-is-layout-constrained\">\n<div class=\"wp-block-group is-content-justification-center is-nowrap is-layout-flex wp-container-core-group-is-layout-71978bd4 wp-block-group-is-layout-flex\">\n<hr class=\"wp-block-separator has-text-color has-pure-white-color has-alpha-channel-opacity has-pure-white-background-color has-background wp-container-content-e1bb55cb\"\/>\n\n\n\n<hr class=\"wp-block-separator has-text-color has-pure-white-color has-alpha-channel-opacity has-pure-white-background-color has-background wp-container-content-e1bb55cb\"\/>\n<\/div>\n\n\n\n<h2 class=\"wp-block-heading has-text-align-center has-pure-white-color has-text-color has-link-color has-work-sans-font-family wp-elements-071f7ec6dc487c1f53cd769125166fde\" style=\"font-style:normal;font-weight:600;line-height:1.1\"><strong>Contact us<\/strong> to learn more about our solutions for <strong>Digitalization and Process Optimization<\/strong>.<\/h2>\n<\/div>\n<\/div>\n<\/div>\n\n\n\n<div class=\"wp-block-column is-layout-flow wp-block-column-is-layout-flow\" style=\"flex-basis:15%\"><\/div>\n<\/div>\n\n\n\n<div class=\"wp-block-buttons is-content-justification-center is-layout-flex wp-container-core-buttons-is-layout-7583787f wp-block-buttons-is-layout-flex\">\n<div class=\"wp-block-button is-style-bk-button-secondary\"><a class=\"wp-block-button__link wp-element-button\" style=\"border-radius:10px;padding-top:var(--wp--preset--spacing--x-small);padding-right:var(--wp--preset--spacing--small);padding-bottom:var(--wp--preset--spacing--x-small);padding-left:var(--wp--preset--spacing--small)\"><strong>Contact us<\/strong><\/a><\/div>\n<\/div>\n<\/div>\n\n\n\n<p><\/p>","protected":false},"excerpt":{"rendered":"<p>Digitalisation et Optimisation des Processus OREVIA aide les entreprises \u00e0 digitaliser leurs processus pour plus d\u2019efficacit\u00e9 et moins d\u2019impact environnemental. Gr\u00e2ce \u00e0 des solutions num\u00e9riques et \u00e0 l\u2019automatisation, nous am\u00e9liorons la performance op\u00e9rationnelle tout en r\u00e9duisant les d\u00e9chets, la consommation d\u2019\u00e9nergie et les co\u00fbts.Chaque projet est con\u00e7u pour cr\u00e9er des processus durables, rapides et mesurables. [&hellip;]<\/p>","protected":false},"author":1,"featured_media":0,"parent":0,"menu_order":0,"comment_status":"closed","ping_status":"closed","template":"","meta":{"_uag_custom_page_level_css":"","footnotes":""},"class_list":["post-3570","page","type-page","status-publish","hentry"],"aioseo_notices":[],"_hostinger_reach_plugin_has_subscription_block":false,"_hostinger_reach_plugin_is_elementor":false,"uagb_featured_image_src":{"full":false,"thumbnail":false,"medium":false,"medium_large":false,"large":false,"1536x1536":false,"2048x2048":false,"trp-custom-language-flag":false},"uagb_author_info":{"display_name":"oumaya.ymarzouk@gmail.com","author_link":"https:\/\/orevia-group.com\/en\/author\/oumaya-ymarzoukgmail-com\/"},"uagb_comment_info":0,"uagb_excerpt":"Digitalisation et Optimisation des Processus OREVIA aide les entreprises \u00e0 digitaliser leurs processus pour plus d\u2019efficacit\u00e9 et moins d\u2019impact environnemental. Gr\u00e2ce \u00e0 des solutions num\u00e9riques et \u00e0 l\u2019automatisation, nous am\u00e9liorons la performance op\u00e9rationnelle tout en r\u00e9duisant les d\u00e9chets, la consommation d\u2019\u00e9nergie et les co\u00fbts.Chaque projet est con\u00e7u pour cr\u00e9er des processus durables, rapides et mesurables.&hellip;","_links":{"self":[{"href":"https:\/\/orevia-group.com\/en\/wp-json\/wp\/v2\/pages\/3570","targetHints":{"allow":["GET"]}}],"collection":[{"href":"https:\/\/orevia-group.com\/en\/wp-json\/wp\/v2\/pages"}],"about":[{"href":"https:\/\/orevia-group.com\/en\/wp-json\/wp\/v2\/types\/page"}],"author":[{"embeddable":true,"href":"https:\/\/orevia-group.com\/en\/wp-json\/wp\/v2\/users\/1"}],"replies":[{"embeddable":true,"href":"https:\/\/orevia-group.com\/en\/wp-json\/wp\/v2\/comments?post=3570"}],"version-history":[{"count":3,"href":"https:\/\/orevia-group.com\/en\/wp-json\/wp\/v2\/pages\/3570\/revisions"}],"predecessor-version":[{"id":4250,"href":"https:\/\/orevia-group.com\/en\/wp-json\/wp\/v2\/pages\/3570\/revisions\/4250"}],"wp:attachment":[{"href":"https:\/\/orevia-group.com\/en\/wp-json\/wp\/v2\/media?parent=3570"}],"curies":[{"name":"wp","href":"https:\/\/api.w.org\/{rel}","templated":true}]}}