{"id":3572,"date":"2025-10-23T21:59:06","date_gmt":"2025-10-23T20:59:06","guid":{"rendered":"https:\/\/orevia-group.com\/?page_id=3572"},"modified":"2025-11-05T19:31:07","modified_gmt":"2025-11-05T18:31:07","slug":"formation-et-sensibilisation","status":"publish","type":"page","link":"https:\/\/orevia-group.com\/en\/formation-et-sensibilisation\/","title":{"rendered":"Training and Awareness"},"content":{"rendered":"<div class=\"wp-block-uagb-container uagb-block-a2ab0144 alignfull uagb-is-root-container\"><div class=\"uagb-container-inner-blocks-wrap\">\n<div class=\"wp-block-uagb-container uagb-block-b7a801fe\">\n<div class=\"wp-block-uagb-container uagb-block-b5b1cb39\">\n<div class=\"wp-block-group has-border-color has-pure-white-background-color has-background wp-container-content-962be591 is-layout-flow wp-block-group-is-layout-flow\" style=\"border-color:#E5E7EB;border-width:1px;border-radius:20px;padding-top:var(--wp--preset--spacing--x-small);padding-right:var(--wp--preset--spacing--xx-small);padding-bottom:var(--wp--preset--spacing--x-small);padding-left:var(--wp--preset--spacing--xx-small)\">\n<figure class=\"wp-block-image aligncenter size-full is-resized wp-duotone-1dba9e-1dba9f-1\"><img fetchpriority=\"high\" decoding=\"async\" width=\"512\" height=\"512\" src=\"https:\/\/orevia-group.com\/wp-content\/uploads\/2025\/10\/presentation.png\" alt=\"presentation\" class=\"wp-image-3403\" style=\"width:180px\" title=\"Training and Awareness\" srcset=\"https:\/\/orevia-group.com\/wp-content\/uploads\/2025\/10\/presentation.png 512w, https:\/\/orevia-group.com\/wp-content\/uploads\/2025\/10\/presentation-300x300.png 300w, https:\/\/orevia-group.com\/wp-content\/uploads\/2025\/10\/presentation-150x150.png 150w\" sizes=\"(max-width: 512px) 100vw, 512px\" \/><\/figure>\n\n\n\n<div class=\"wp-block-uagb-advanced-heading uagb-block-5caf54ed\"><h5 class=\"uagb-heading-text\"><strong>Training and Awareness<\/strong><\/h5><\/div>\n<\/div>\n<\/div>\n\n\n\n<p><strong>OREVIA<\/strong> offers training and awareness programs to strengthen a sustainable culture within teams.<br>We prepare your employees to adopt responsible practices, to understand the environmental impact of their actions and to actively contribute to the ecological transition.<br>Our sessions are designed to be practical, engaging, and tailored to each sector.<\/p>\n<\/div>\n\n\n\n<div class=\"wp-block-uagb-container uagb-block-7a792a4e\"><\/div>\n<\/div><\/div>\n\n\n\n<div class=\"wp-block-group alignfull has-highlight-background-color has-background has-global-padding is-content-justification-center is-layout-constrained wp-container-core-group-is-layout-6f010f42 wp-block-group-is-layout-constrained\" style=\"margin-top:0;margin-bottom:0px;padding-top:100px;padding-bottom:80px\">\n<div class=\"wp-block-columns is-layout-flex wp-container-core-columns-is-layout-28f84493 wp-block-columns-is-layout-flex\">\n<div class=\"wp-block-column is-layout-flow wp-block-column-is-layout-flow\" style=\"flex-basis:15%\"><\/div>\n\n\n\n<div class=\"wp-block-column is-layout-flow wp-block-column-is-layout-flow\" style=\"flex-basis:70%\">\n<div class=\"wp-block-group has-global-padding is-layout-constrained wp-container-core-group-is-layout-7d0d3654 wp-block-group-is-layout-constrained\">\n<div class=\"wp-block-group has-global-padding is-layout-constrained wp-block-group-is-layout-constrained\">\n<div class=\"wp-block-group is-content-justification-center is-nowrap is-layout-flex wp-container-core-group-is-layout-71978bd4 wp-block-group-is-layout-flex\">\n<hr class=\"wp-block-separator has-text-color has-pure-white-color has-alpha-channel-opacity has-pure-white-background-color has-background wp-container-content-e1bb55cb\"\/>\n\n\n\n<hr class=\"wp-block-separator has-text-color has-pure-white-color has-alpha-channel-opacity has-pure-white-background-color has-background wp-container-content-e1bb55cb\"\/>\n<\/div>\n\n\n\n<h2 class=\"wp-block-heading has-text-align-center has-pure-white-color has-text-color has-link-color has-work-sans-font-family wp-elements-2561073ea61700d6a6eee048a4a1d1a2\" style=\"font-style:normal;font-weight:600;line-height:1.1\"><strong>Contact us<\/strong> to learn more about our solutions.<\/h2>\n<\/div>\n<\/div>\n<\/div>\n\n\n\n<div class=\"wp-block-column is-layout-flow wp-block-column-is-layout-flow\" style=\"flex-basis:15%\"><\/div>\n<\/div>\n\n\n\n<div class=\"wp-block-buttons is-content-justification-center is-layout-flex wp-container-core-buttons-is-layout-7583787f wp-block-buttons-is-layout-flex\">\n<div class=\"wp-block-button is-style-bk-button-secondary\"><a class=\"wp-block-button__link wp-element-button\" style=\"border-radius:10px;padding-top:var(--wp--preset--spacing--x-small);padding-right:var(--wp--preset--spacing--small);padding-bottom:var(--wp--preset--spacing--x-small);padding-left:var(--wp--preset--spacing--small)\"><strong>Contact us<\/strong><\/a><\/div>\n<\/div>\n<\/div>\n\n\n\n<p><\/p>","protected":false},"excerpt":{"rendered":"<p>Formation et Sensibilisation OREVIA propose des programmes de formation et de sensibilisation pour renforcer la culture durable au sein des \u00e9quipes.Nous pr\u00e9parons vos collaborateurs \u00e0 adopter des pratiques responsables, \u00e0 comprendre l\u2019impact environnemental de leurs actions et \u00e0 contribuer activement \u00e0 la transition \u00e9cologique.Nos sessions sont con\u00e7ues pour \u00eatre pratiques, engageantes et adapt\u00e9es \u00e0 chaque [&hellip;]<\/p>","protected":false},"author":1,"featured_media":0,"parent":0,"menu_order":0,"comment_status":"closed","ping_status":"closed","template":"","meta":{"_uag_custom_page_level_css":"","footnotes":""},"class_list":["post-3572","page","type-page","status-publish","hentry"],"aioseo_notices":[],"_hostinger_reach_plugin_has_subscription_block":false,"_hostinger_reach_plugin_is_elementor":false,"uagb_featured_image_src":{"full":false,"thumbnail":false,"medium":false,"medium_large":false,"large":false,"1536x1536":false,"2048x2048":false,"trp-custom-language-flag":false},"uagb_author_info":{"display_name":"oumaya.ymarzouk@gmail.com","author_link":"https:\/\/orevia-group.com\/en\/author\/oumaya-ymarzoukgmail-com\/"},"uagb_comment_info":0,"uagb_excerpt":"Formation et Sensibilisation OREVIA propose des programmes de formation et de sensibilisation pour renforcer la culture durable au sein des \u00e9quipes.Nous pr\u00e9parons vos collaborateurs \u00e0 adopter des pratiques responsables, \u00e0 comprendre l\u2019impact environnemental de leurs actions et \u00e0 contribuer activement \u00e0 la transition \u00e9cologique.Nos sessions sont con\u00e7ues pour \u00eatre pratiques, engageantes et adapt\u00e9es \u00e0 chaque&hellip;","_links":{"self":[{"href":"https:\/\/orevia-group.com\/en\/wp-json\/wp\/v2\/pages\/3572","targetHints":{"allow":["GET"]}}],"collection":[{"href":"https:\/\/orevia-group.com\/en\/wp-json\/wp\/v2\/pages"}],"about":[{"href":"https:\/\/orevia-group.com\/en\/wp-json\/wp\/v2\/types\/page"}],"author":[{"embeddable":true,"href":"https:\/\/orevia-group.com\/en\/wp-json\/wp\/v2\/users\/1"}],"replies":[{"embeddable":true,"href":"https:\/\/orevia-group.com\/en\/wp-json\/wp\/v2\/comments?post=3572"}],"version-history":[{"count":4,"href":"https:\/\/orevia-group.com\/en\/wp-json\/wp\/v2\/pages\/3572\/revisions"}],"predecessor-version":[{"id":4249,"href":"https:\/\/orevia-group.com\/en\/wp-json\/wp\/v2\/pages\/3572\/revisions\/4249"}],"wp:attachment":[{"href":"https:\/\/orevia-group.com\/en\/wp-json\/wp\/v2\/media?parent=3572"}],"curies":[{"name":"wp","href":"https:\/\/api.w.org\/{rel}","templated":true}]}}