{"id":3607,"date":"2025-10-24T13:46:14","date_gmt":"2025-10-24T12:46:14","guid":{"rendered":"https:\/\/orevia-group.com\/?page_id=3607"},"modified":"2025-11-06T19:35:23","modified_gmt":"2025-11-06T18:35:23","slug":"secteur-du-batiment","status":"publish","type":"page","link":"https:\/\/orevia-group.com\/en\/secteur-du-batiment\/","title":{"rendered":"BUILDING"},"content":{"rendered":"<div class=\"wp-block-uagb-container uagb-block-b57db3b5 alignfull uagb-is-root-container\"><div class=\"uagb-container-inner-blocks-wrap\">\n<div class=\"wp-block-uagb-advanced-heading uagb-block-97c0aa88\"><h6 class=\"uagb-heading-text\">Supporting the ecological transition and the adaptation of buildings\n to climate change.<\/h6><\/div>\n\n\n\n<p class=\"has-text-align-center has-medium-font-size\">OREVIAdevelops practical and innovative solutions to reduce the environmental \nfootprint of the construction sector from design to end-of-life management.<\/p>\n\n\n\n<div class=\"wp-block-uagb-advanced-heading uagb-block-69e35c3a\"><h3 class=\"uagb-heading-text\">Our Expertise<\/h3><\/div>\n<\/div><\/div>\n\n\n\n<div class=\"wp-block-group alignfull has-global-padding is-layout-constrained wp-container-core-group-is-layout-4f2706c8 wp-block-group-is-layout-constrained\" style=\"margin-top:0;margin-bottom:0;padding-top:0%;padding-bottom:0%;padding-left:10%\">\n<div class=\"wp-block-group has-global-padding is-layout-constrained wp-container-core-group-is-layout-479a631b wp-block-group-is-layout-constrained\" style=\"padding-top:2%\">\n<div class=\"wp-block-uagb-container uagb-block-a2ab0144 alignfull uagb-is-root-container\">\n<div class=\"wp-block-uagb-container uagb-block-b7a801fe\">\n<div class=\"wp-block-group is-content-justification-center is-nowrap is-layout-flex wp-container-core-group-is-layout-ef06c069 wp-block-group-is-layout-flex\" style=\"min-height:5px;padding-right:var(--wp--preset--spacing--xx-small)\">\n<div class=\"wp-block-uagb-container uagb-block-b5b1cb39\">\n<figure class=\"wp-block-image size-full is-resized has-custom-border is-style-rounded wp-duotone-1dba9e-1dba9f-1\" style=\"margin-left:35%\"><a href=\"https:\/\/orevia-group.com\/en\/developpement-de-materiaux-bas-carbone\/\"><img fetchpriority=\"high\" decoding=\"async\" width=\"512\" height=\"512\" src=\"https:\/\/orevia-group.com\/wp-content\/uploads\/2025\/10\/building.png\" alt=\"building\" class=\"wp-image-3409\" style=\"border-radius:20px;border-top-style:none;border-top-width:0px;border-right-style:none;border-right-width:0px;border-bottom-color:var(--wp--preset--color--light);border-bottom-width:1px;border-left-style:none;border-left-width:0px;width:90px\" title=\"BUILDING\" srcset=\"https:\/\/orevia-group.com\/wp-content\/uploads\/2025\/10\/building.png 512w, https:\/\/orevia-group.com\/wp-content\/uploads\/2025\/10\/building-300x300.png 300w, https:\/\/orevia-group.com\/wp-content\/uploads\/2025\/10\/building-150x150.png 150w\" sizes=\"(max-width: 512px) 100vw, 512px\" \/><\/a><\/figure>\n\n\n\n<div class=\"wp-block-uagb-advanced-heading uagb-block-5caf54ed\"><h5 class=\"uagb-heading-text\">Sustainable materials<\/h5><p class=\"uagb-desc-text\">Development of low-carbon\n construction materials using alternative aggregates and eco\nfriendly binders.<\/p><\/div>\n<\/div>\n\n\n\n<div class=\"wp-block-uagb-container uagb-block-94912a89\">\n<figure class=\"wp-block-image size-full is-resized has-custom-border is-style-rounded wp-duotone-1dba9e-1dba9f-2\" style=\"margin-top:0%;margin-right:0%;margin-bottom:0%;margin-left:40%\"><img decoding=\"async\" width=\"512\" height=\"512\" src=\"https:\/\/orevia-group.com\/wp-content\/uploads\/2025\/10\/environmental-analysis.png\" alt=\"environmental analysis\" class=\"wp-image-3658\" style=\"border-radius:20px;border-top-style:none;border-top-width:0px;border-right-style:none;border-right-width:0px;border-bottom-color:var(--wp--preset--color--light);border-bottom-width:1px;border-left-style:none;border-left-width:0px;width:90px;height:auto\" title=\"BUILDING\" srcset=\"https:\/\/orevia-group.com\/wp-content\/uploads\/2025\/10\/environmental-analysis.png 512w, https:\/\/orevia-group.com\/wp-content\/uploads\/2025\/10\/environmental-analysis-300x300.png 300w, https:\/\/orevia-group.com\/wp-content\/uploads\/2025\/10\/environmental-analysis-150x150.png 150w\" sizes=\"(max-width: 512px) 100vw, 512px\" \/><\/figure>\n\n\n\n<div class=\"wp-block-uagb-advanced-heading uagb-block-1ca1f41d\"><h5 class=\"uagb-heading-text\">Environmental impact<\/h5><p class=\"uagb-desc-text\"> Life Cycle Assessment (LCA) to\n evaluate the environmental performance of materials, processes and building systems.<\/p><\/div>\n<\/div>\n\n\n\n<div class=\"wp-block-uagb-container uagb-block-ee810042\">\n<figure class=\"wp-block-image size-full is-resized has-custom-border is-style-rounded wp-duotone-1dba9e-1dba9f-3\" style=\"margin-top:0%;margin-right:0%;margin-bottom:0%;margin-left:35%\"><a href=\"https:\/\/orevia-group.com\/en\/gestion-ecologique-des-dechets\/\"><img decoding=\"async\" width=\"512\" height=\"512\" src=\"https:\/\/orevia-group.com\/wp-content\/uploads\/2025\/10\/recycle-sign.png\" alt=\"recycle sign\" class=\"wp-image-3399\" style=\"border-radius:20px;border-top-style:none;border-top-width:0px;border-right-style:none;border-right-width:0px;border-bottom-color:var(--wp--preset--color--light);border-bottom-width:1px;border-left-style:none;border-left-width:0px;width:90px\" title=\"BUILDING\" srcset=\"https:\/\/orevia-group.com\/wp-content\/uploads\/2025\/10\/recycle-sign.png 512w, https:\/\/orevia-group.com\/wp-content\/uploads\/2025\/10\/recycle-sign-300x300.png 300w, https:\/\/orevia-group.com\/wp-content\/uploads\/2025\/10\/recycle-sign-150x150.png 150w\" sizes=\"(max-width: 512px) 100vw, 512px\" \/><\/a><\/figure>\n\n\n\n<div class=\"wp-block-uagb-advanced-heading uagb-block-6ea9a58b\"><h5 class=\"uagb-heading-text\">Sustainable construction<\/h5><p class=\"uagb-desc-text\"> Methodologies for on-site waste management, including sorting, traceability, and material recovery on site<\/p><\/div>\n<\/div>\n<\/div>\n<\/div>\n\n\n\n<div class=\"wp-block-uagb-container uagb-block-7a792a4e\">\n<div class=\"wp-block-group is-nowrap is-layout-flex wp-container-core-group-is-layout-6c531013 wp-block-group-is-layout-flex\">\n<div class=\"wp-block-uagb-container uagb-block-6c4498fc\">\n<figure class=\"wp-block-image size-full is-resized has-custom-border is-style-rounded wp-duotone-1dba9e-1dba9f-4\" style=\"margin-left:70%\"><img loading=\"lazy\" decoding=\"async\" width=\"512\" height=\"512\" src=\"https:\/\/orevia-group.com\/wp-content\/uploads\/2025\/10\/decision-making.png\" alt=\"decision making\" class=\"wp-image-3657\" style=\"border-radius:20px;border-top-style:none;border-top-width:0px;border-right-style:none;border-right-width:0px;border-bottom-color:var(--wp--preset--color--light);border-bottom-width:1px;border-left-style:none;border-left-width:0px;width:90px;height:auto\" title=\"BUILDING\" srcset=\"https:\/\/orevia-group.com\/wp-content\/uploads\/2025\/10\/decision-making.png 512w, https:\/\/orevia-group.com\/wp-content\/uploads\/2025\/10\/decision-making-300x300.png 300w, https:\/\/orevia-group.com\/wp-content\/uploads\/2025\/10\/decision-making-150x150.png 150w\" sizes=\"(max-width: 512px) 100vw, 512px\" \/><\/figure>\n\n\n\n<div class=\"wp-block-uagb-advanced-heading uagb-block-5f6ab368\"><h5 class=\"uagb-heading-text\">Sustainable demolition<\/h5><p class=\"uagb-desc-text\"> Decision support for selective demolition, based on the environmental impact of processes<\/p><\/div>\n<\/div>\n<\/div>\n\n\n\n<div class=\"wp-block-uagb-container uagb-block-2845401f\">\n<figure class=\"wp-block-image aligncenter size-full is-resized has-custom-border is-style-rounded wp-duotone-1dba9e-1dba9e-5\" style=\"margin-top:0%;margin-right:0;margin-bottom:0%;margin-left:0\"><img loading=\"lazy\" decoding=\"async\" width=\"512\" height=\"512\" src=\"https:\/\/orevia-group.com\/wp-content\/uploads\/2025\/10\/waste-management.png\" alt=\"waste management\" class=\"wp-image-3662\" style=\"border-radius:20px;border-top-style:none;border-top-width:0px;border-right-style:none;border-right-width:0px;border-bottom-color:var(--wp--preset--color--light);border-bottom-width:1px;border-left-style:none;border-left-width:0px;width:90px;height:auto\" title=\"BUILDING\" srcset=\"https:\/\/orevia-group.com\/wp-content\/uploads\/2025\/10\/waste-management.png 512w, https:\/\/orevia-group.com\/wp-content\/uploads\/2025\/10\/waste-management-300x300.png 300w, https:\/\/orevia-group.com\/wp-content\/uploads\/2025\/10\/waste-management-150x150.png 150w\" sizes=\"(max-width: 512px) 100vw, 512px\" \/><\/figure>\n\n\n\n<div class=\"wp-block-uagb-advanced-heading uagb-block-669b3466\"><h5 class=\"uagb-heading-text\">Valorization of C&amp;DW<\/h5><p class=\"uagb-desc-text\"> feasibility study of C&amp;DW recycling facilities, implementation support, quality control process for high-value material reuse<\/p><\/div>\n<\/div>\n<\/div>\n<\/div>\n<\/div>\n<\/div>\n\n\n\n<div class=\"wp-block-group alignfull has-highlight-background-color has-background has-global-padding is-content-justification-center is-layout-constrained wp-container-core-group-is-layout-6f010f42 wp-block-group-is-layout-constrained\" style=\"margin-top:0;margin-bottom:0px;padding-top:100px;padding-bottom:80px\">\n<div class=\"wp-block-columns is-layout-flex wp-container-core-columns-is-layout-28f84493 wp-block-columns-is-layout-flex\">\n<div class=\"wp-block-column is-layout-flow wp-block-column-is-layout-flow\" style=\"flex-basis:15%\"><\/div>\n\n\n\n<div class=\"wp-block-column is-layout-flow wp-block-column-is-layout-flow\" style=\"flex-basis:70%\">\n<div class=\"wp-block-group has-global-padding is-layout-constrained wp-container-core-group-is-layout-7d0d3654 wp-block-group-is-layout-constrained\">\n<div class=\"wp-block-group has-global-padding is-layout-constrained wp-block-group-is-layout-constrained\">\n<div class=\"wp-block-group is-content-justification-center is-nowrap is-layout-flex wp-container-core-group-is-layout-71978bd4 wp-block-group-is-layout-flex\">\n<hr class=\"wp-block-separator has-text-color has-pure-white-color has-alpha-channel-opacity has-pure-white-background-color has-background wp-container-content-e1bb55cb\"\/>\n<\/div>\n\n\n\n<h2 class=\"wp-block-heading has-text-align-center has-pure-white-color has-text-color has-link-color has-work-sans-font-family wp-elements-5ac59bb04c1a76fc830059d2eba196db\" style=\"font-style:normal;font-weight:600;line-height:1.1\">Contact us to learn more about our sustainable building solutions<\/h2>\n<\/div>\n<\/div>\n<\/div>\n\n\n\n<div class=\"wp-block-column is-layout-flow wp-block-column-is-layout-flow\" style=\"flex-basis:15%\"><\/div>\n<\/div>\n\n\n\n<div class=\"wp-block-buttons is-content-justification-center is-layout-flex wp-container-core-buttons-is-layout-7583787f wp-block-buttons-is-layout-flex\">\n<div class=\"wp-block-button is-style-bk-button-secondary\"><a class=\"wp-block-button__link wp-element-button\" style=\"border-radius:10px;padding-top:var(--wp--preset--spacing--x-small);padding-right:var(--wp--preset--spacing--small);padding-bottom:var(--wp--preset--spacing--x-small);padding-left:var(--wp--preset--spacing--small)\">Contact us<\/a><\/div>\n<\/div>\n<\/div>\n\n\n\n<p><\/p>","protected":false},"excerpt":{"rendered":"<p>Accompagner la transition \u00e9cologique et l\u2019adaptation des b\u00e2timents aux changements climatiques. OREVIA d\u00e9veloppe des solutions pratiques et innovantes pour r\u00e9duire l\u2019empreinte environnementale du secteur de la construction de la conception \u00e0 la gestion de fin de vie. Nos Expertises Mat\u00e9riaux durables D\u00e9veloppement de mat\u00e9riaux de construction \u00e0 faible teneur en carbone \u00e0 partir d\u2019agr\u00e9gats alternatifs [&hellip;]<\/p>","protected":false},"author":1,"featured_media":0,"parent":0,"menu_order":0,"comment_status":"closed","ping_status":"closed","template":"","meta":{"_uag_custom_page_level_css":"","footnotes":""},"class_list":["post-3607","page","type-page","status-publish","hentry"],"aioseo_notices":[],"_hostinger_reach_plugin_has_subscription_block":false,"_hostinger_reach_plugin_is_elementor":false,"uagb_featured_image_src":{"full":false,"thumbnail":false,"medium":false,"medium_large":false,"large":false,"1536x1536":false,"2048x2048":false,"trp-custom-language-flag":false},"uagb_author_info":{"display_name":"oumaya.ymarzouk@gmail.com","author_link":"https:\/\/orevia-group.com\/en\/author\/oumaya-ymarzoukgmail-com\/"},"uagb_comment_info":0,"uagb_excerpt":"Accompagner la transition \u00e9cologique et l\u2019adaptation des b\u00e2timents aux changements climatiques. OREVIA d\u00e9veloppe des solutions pratiques et innovantes pour r\u00e9duire l\u2019empreinte environnementale du secteur de la construction de la conception \u00e0 la gestion de fin de vie. Nos Expertises Mat\u00e9riaux durables D\u00e9veloppement de mat\u00e9riaux de construction \u00e0 faible teneur en carbone \u00e0 partir d\u2019agr\u00e9gats alternatifs&hellip;","_links":{"self":[{"href":"https:\/\/orevia-group.com\/en\/wp-json\/wp\/v2\/pages\/3607","targetHints":{"allow":["GET"]}}],"collection":[{"href":"https:\/\/orevia-group.com\/en\/wp-json\/wp\/v2\/pages"}],"about":[{"href":"https:\/\/orevia-group.com\/en\/wp-json\/wp\/v2\/types\/page"}],"author":[{"embeddable":true,"href":"https:\/\/orevia-group.com\/en\/wp-json\/wp\/v2\/users\/1"}],"replies":[{"embeddable":true,"href":"https:\/\/orevia-group.com\/en\/wp-json\/wp\/v2\/comments?post=3607"}],"version-history":[{"count":69,"href":"https:\/\/orevia-group.com\/en\/wp-json\/wp\/v2\/pages\/3607\/revisions"}],"predecessor-version":[{"id":4360,"href":"https:\/\/orevia-group.com\/en\/wp-json\/wp\/v2\/pages\/3607\/revisions\/4360"}],"wp:attachment":[{"href":"https:\/\/orevia-group.com\/en\/wp-json\/wp\/v2\/media?parent=3607"}],"curies":[{"name":"wp","href":"https:\/\/api.w.org\/{rel}","templated":true}]}}