{"id":3701,"date":"2025-10-24T21:24:37","date_gmt":"2025-10-24T20:24:37","guid":{"rendered":"https:\/\/orevia-group.com\/?page_id=3701"},"modified":"2025-11-06T21:59:40","modified_gmt":"2025-11-06T20:59:40","slug":"secteur-des-infrastructures-et-des-transports","status":"publish","type":"page","link":"https:\/\/orevia-group.com\/en\/secteur-des-infrastructures-et-des-transports\/","title":{"rendered":"Infrastructure &amp; Transport"},"content":{"rendered":"<div data-elementor-type=\"wp-page\" data-elementor-id=\"3701\" class=\"elementor elementor-3701\">\n\t\t\t\t<div class=\"elementor-element elementor-element-b80c9f9 e-flex e-con-boxed e-con e-parent\" data-id=\"b80c9f9\" data-element_type=\"container\">\n\t\t\t\t\t<div class=\"e-con-inner\">\n\t\t\t\t<div class=\"elementor-element elementor-element-45a3b2f elementor-widget elementor-widget-heading\" data-id=\"45a3b2f\" data-element_type=\"widget\" data-widget_type=\"heading.default\">\n\t\t\t\t<div class=\"elementor-widget-container\">\n\t\t\t\t\t<h4 class=\"elementor-heading-title elementor-size-default\">Designing safe, resilient, and sustainable road infrastructures to address \nclimate challenges.<\/h4>\t\t\t\t<\/div>\n\t\t\t\t<\/div>\n\t\t\t\t<div class=\"elementor-element elementor-element-b74b169 elementor-widget elementor-widget-text-editor\" data-id=\"b74b169\" data-element_type=\"widget\" data-widget_type=\"text-editor.default\">\n\t\t\t\t<div class=\"elementor-widget-container\">\n\t\t\t\t\t\t\t\t\t<p>OREVIA combines engineering <a href=\"https:\/\/orevia-group.com\/en\/economie-circulaire\/\">circular economy<\/a> and innovation to rethink the \ndesign, management, and performance of road networks.<\/p>\t\t\t\t\t\t\t\t<\/div>\n\t\t\t\t<\/div>\n\t\t<div class=\"elementor-element elementor-element-5e4d487 e-con-full e-flex e-con e-child\" data-id=\"5e4d487\" data-element_type=\"container\">\n\t\t\t\t<div class=\"elementor-element elementor-element-3673e99 elementor-widget elementor-widget-text-editor\" data-id=\"3673e99\" data-element_type=\"widget\" data-widget_type=\"text-editor.default\">\n\t\t\t\t<div class=\"elementor-widget-container\">\n\t\t\t\t\t\t\t\t\t<h4><strong>Our Expertise<\/strong><\/h4>\t\t\t\t\t\t\t\t<\/div>\n\t\t\t\t<\/div>\n\t\t<div class=\"elementor-element elementor-element-eb522a3 e-grid e-con-full e-con e-child\" data-id=\"eb522a3\" data-element_type=\"container\">\n\t\t\t\t<div class=\"elementor-element elementor-element-c740c03 elementor-position-top elementor-widget elementor-widget-image-box\" data-id=\"c740c03\" data-element_type=\"widget\" data-widget_type=\"image-box.default\">\n\t\t\t\t<div class=\"elementor-widget-container\">\n\t\t\t\t\t<div class=\"elementor-image-box-wrapper\"><figure class=\"elementor-image-box-img\"><img fetchpriority=\"high\" decoding=\"async\" width=\"512\" height=\"512\" src=\"https:\/\/orevia-group.com\/wp-content\/uploads\/2025\/10\/eco-technology-2.png\" class=\"attachment-full size-full wp-image-4159\" alt=\"eco technology\" title=\"Infrastructure &amp; Transport\" srcset=\"https:\/\/orevia-group.com\/wp-content\/uploads\/2025\/10\/eco-technology-2.png 512w, https:\/\/orevia-group.com\/wp-content\/uploads\/2025\/10\/eco-technology-2-300x300.png 300w, https:\/\/orevia-group.com\/wp-content\/uploads\/2025\/10\/eco-technology-2-150x150.png 150w\" sizes=\"(max-width: 512px) 100vw, 512px\" \/><\/figure><div class=\"elementor-image-box-content\"><h3 class=\"elementor-image-box-title\">Circular materials<\/h3><p class=\"elementor-image-box-description\">Development of sustainable pavement\n materials integrating industrial and construction waste.\n<\/p><\/div><\/div>\t\t\t\t<\/div>\n\t\t\t\t<\/div>\n\t\t\t\t<div class=\"elementor-element elementor-element-ea98604 elementor-position-top elementor-widget elementor-widget-image-box\" data-id=\"ea98604\" data-element_type=\"widget\" data-widget_type=\"image-box.default\">\n\t\t\t\t<div class=\"elementor-widget-container\">\n\t\t\t\t\t<div class=\"elementor-image-box-wrapper\"><figure class=\"elementor-image-box-img\"><img decoding=\"async\" width=\"512\" height=\"512\" src=\"https:\/\/orevia-group.com\/wp-content\/uploads\/2025\/11\/infrastructure.png\" class=\"attachment-full size-full wp-image-4381\" alt=\"infrastructure\" title=\"Infrastructure &amp; Transport\" srcset=\"https:\/\/orevia-group.com\/wp-content\/uploads\/2025\/11\/infrastructure.png 512w, https:\/\/orevia-group.com\/wp-content\/uploads\/2025\/11\/infrastructure-300x300.png 300w, https:\/\/orevia-group.com\/wp-content\/uploads\/2025\/11\/infrastructure-150x150.png 150w, https:\/\/orevia-group.com\/wp-content\/uploads\/2025\/11\/infrastructure-12x12.png 12w\" sizes=\"(max-width: 512px) 100vw, 512px\" \/><\/figure><div class=\"elementor-image-box-content\"><h3 class=\"elementor-image-box-title\">Climate adaptation<\/h3><p class=\"elementor-image-box-description\">Design and testing of materials for future climate conditions (heat, freeze\u2013thaw, humidity).<\/p><\/div><\/div>\t\t\t\t<\/div>\n\t\t\t\t<\/div>\n\t\t\t\t<div class=\"elementor-element elementor-element-92655f0 elementor-position-top elementor-widget elementor-widget-image-box\" data-id=\"92655f0\" data-element_type=\"widget\" data-widget_type=\"image-box.default\">\n\t\t\t\t<div class=\"elementor-widget-container\">\n\t\t\t\t\t<div class=\"elementor-image-box-wrapper\"><figure class=\"elementor-image-box-img\"><img decoding=\"async\" width=\"512\" height=\"512\" src=\"https:\/\/orevia-group.com\/wp-content\/uploads\/2025\/11\/infrastructure-1.png\" class=\"attachment-full size-full wp-image-4382\" alt=\"infrastructure (1)\" title=\"Infrastructure &amp; Transport\" srcset=\"https:\/\/orevia-group.com\/wp-content\/uploads\/2025\/11\/infrastructure-1.png 512w, https:\/\/orevia-group.com\/wp-content\/uploads\/2025\/11\/infrastructure-1-300x300.png 300w, https:\/\/orevia-group.com\/wp-content\/uploads\/2025\/11\/infrastructure-1-150x150.png 150w, https:\/\/orevia-group.com\/wp-content\/uploads\/2025\/11\/infrastructure-1-12x12.png 12w\" sizes=\"(max-width: 512px) 100vw, 512px\" \/><\/figure><div class=\"elementor-image-box-content\"><h3 class=\"elementor-image-box-title\">Durability of infrastructure<\/h3><p class=\"elementor-image-box-description\">Analysis of test data and assessment of comfort, safety, and accessibility for all users, including people with reduced mobility\n\n\n\n\n\n\n\n\n<\/p><\/div><\/div>\t\t\t\t<\/div>\n\t\t\t\t<\/div>\n\t\t\t\t<div class=\"elementor-element elementor-element-3076cac elementor-position-top elementor-widget elementor-widget-image-box\" data-id=\"3076cac\" data-element_type=\"widget\" data-widget_type=\"image-box.default\">\n\t\t\t\t<div class=\"elementor-widget-container\">\n\t\t\t\t\t<div class=\"elementor-image-box-wrapper\"><figure class=\"elementor-image-box-img\"><img loading=\"lazy\" decoding=\"async\" width=\"512\" height=\"512\" src=\"https:\/\/orevia-group.com\/wp-content\/uploads\/2025\/11\/traffic-cone.png\" class=\"attachment-full size-full wp-image-4384\" alt=\"traffic cone\" title=\"Infrastructure &amp; Transport\" srcset=\"https:\/\/orevia-group.com\/wp-content\/uploads\/2025\/11\/traffic-cone.png 512w, https:\/\/orevia-group.com\/wp-content\/uploads\/2025\/11\/traffic-cone-300x300.png 300w, https:\/\/orevia-group.com\/wp-content\/uploads\/2025\/11\/traffic-cone-150x150.png 150w, https:\/\/orevia-group.com\/wp-content\/uploads\/2025\/11\/traffic-cone-12x12.png 12w\" sizes=\"(max-width: 512px) 100vw, 512px\" \/><\/figure><div class=\"elementor-image-box-content\"><h3 class=\"elementor-image-box-title\">Road safety<\/h3><p class=\"elementor-image-box-description\">Technical advice on route design, accident analysis, and user safety studies, including driver assistance systems<\/p><\/div><\/div>\t\t\t\t<\/div>\n\t\t\t\t<\/div>\n\t\t\t\t<div class=\"elementor-element elementor-element-6407ff8 elementor-position-top elementor-widget elementor-widget-image-box\" data-id=\"6407ff8\" data-element_type=\"widget\" data-widget_type=\"image-box.default\">\n\t\t\t\t<div class=\"elementor-widget-container\">\n\t\t\t\t\t<div class=\"elementor-image-box-wrapper\"><figure class=\"elementor-image-box-img\"><img loading=\"lazy\" decoding=\"async\" width=\"512\" height=\"512\" src=\"https:\/\/orevia-group.com\/wp-content\/uploads\/2025\/11\/sunlight.png\" class=\"attachment-full size-full wp-image-4385\" alt=\"sunlight\" title=\"Infrastructure &amp; Transport\" srcset=\"https:\/\/orevia-group.com\/wp-content\/uploads\/2025\/11\/sunlight.png 512w, https:\/\/orevia-group.com\/wp-content\/uploads\/2025\/11\/sunlight-300x300.png 300w, https:\/\/orevia-group.com\/wp-content\/uploads\/2025\/11\/sunlight-150x150.png 150w, https:\/\/orevia-group.com\/wp-content\/uploads\/2025\/11\/sunlight-12x12.png 12w\" sizes=\"(max-width: 512px) 100vw, 512px\" \/><\/figure><div class=\"elementor-image-box-content\"><h3 class=\"elementor-image-box-title\">Innovation<\/h3><p class=\"elementor-image-box-description\">Development of smart monitoring tools, automated inspection, and prototype equipment<\/p><\/div><\/div>\t\t\t\t<\/div>\n\t\t\t\t<\/div>\n\t\t\t\t<div class=\"elementor-element elementor-element-b310c22 elementor-position-top elementor-widget elementor-widget-image-box\" data-id=\"b310c22\" data-element_type=\"widget\" data-widget_type=\"image-box.default\">\n\t\t\t\t<div class=\"elementor-widget-container\">\n\t\t\t\t\t<div class=\"elementor-image-box-wrapper\"><figure class=\"elementor-image-box-img\"><img loading=\"lazy\" decoding=\"async\" width=\"512\" height=\"512\" src=\"https:\/\/orevia-group.com\/wp-content\/uploads\/2025\/11\/environmental-education.png\" class=\"attachment-full size-full wp-image-4386\" alt=\"environmental education\" title=\"Infrastructure &amp; Transport\" srcset=\"https:\/\/orevia-group.com\/wp-content\/uploads\/2025\/11\/environmental-education.png 512w, https:\/\/orevia-group.com\/wp-content\/uploads\/2025\/11\/environmental-education-300x300.png 300w, https:\/\/orevia-group.com\/wp-content\/uploads\/2025\/11\/environmental-education-150x150.png 150w, https:\/\/orevia-group.com\/wp-content\/uploads\/2025\/11\/environmental-education-12x12.png 12w\" sizes=\"(max-width: 512px) 100vw, 512px\" \/><\/figure><div class=\"elementor-image-box-content\"><h3 class=\"elementor-image-box-title\">Environmental performance <\/h3><p class=\"elementor-image-box-description\">Life Cycle Assessment (LCA) and environmental impact studies for road projects.<\/p><\/div><\/div>\t\t\t\t<\/div>\n\t\t\t\t<\/div>\n\t\t\t\t<\/div>\n\t\t\t\t<\/div>\n\t\t\t\t\t<\/div>\n\t\t\t\t<\/div>\n\t\t<div class=\"elementor-element elementor-element-6344648c e-con-full e-flex e-con e-parent\" data-id=\"6344648c\" data-element_type=\"container\">\n\t\t\t\t<div class=\"elementor-element elementor-element-435e1b58 elementor-widget__width-inherit elementor-widget elementor-widget-text-editor\" data-id=\"435e1b58\" data-element_type=\"widget\" data-widget_type=\"text-editor.default\">\n\t\t\t\t<div class=\"elementor-widget-container\">\n\t\t\t\t\t\t\t\t\t<div class=\"wp-block-uagb-container uagb-block-b57db3b5 alignfull uagb-is-root-container\">\n<div class=\"uagb-container-inner-blocks-wrap\">\n<p><\/p>\n<p><\/p>\n<p><\/p>\n<p><\/p>\n<\/div>\n<\/div>\n<div class=\"wp-block-group alignfull\" style=\"margin-top: 0; margin-bottom: 0; padding-top: 0%; padding-bottom: 0%; padding-left: 10%;\">\n<div class=\"wp-block-group\" style=\"padding-top: 2%;\">\n<div class=\"wp-block-uagb-container uagb-block-a2ab0144 alignfull uagb-is-root-container\">\n<div class=\"wp-block-uagb-container uagb-block-b7a801fe\">\n<div class=\"wp-block-group\" style=\"min-height: 5px; padding-right: var(--wp--preset--spacing--xx-small);\">\u00a0<\/div>\n<\/div>\n<\/div>\n<\/div>\n<\/div>\n<div class=\"wp-block-group alignfull has-highlight-background-color has-background\" style=\"margin-top: 0; margin-bottom: 0px; padding-top: 100px; padding-bottom: 80px;\">\n<div class=\"wp-block-columns\">\n<div class=\"wp-block-column\" style=\"flex-basis: 70%;\">\n<div class=\"wp-block-group\">\n<div class=\"wp-block-group\">\n<div class=\"wp-block-group\">\n<p><\/p>\n<\/div>\n<p><!-- \/wp:group --><\/p>\n<p><!-- wp:heading {\"textAlign\":\"center\",\"style\":{\"typography\":{\"fontStyle\":\"normal\",\"fontWeight\":\"600\",\"lineHeight\":\"1.1\"},\"elements\":{\"link\":{\"color\":{\"text\":\"var:preset|color|pure-white\"}}}},\"textColor\":\"pure-white\",\"fontFamily\":\"work-sans\"} --><\/p>\n<h2 class=\"wp-block-heading has-text-align-center has-pure-white-color has-text-color has-link-color has-work-sans-font-family\" style=\"font-style: normal; font-weight: 600; line-height: 1.1; text-align: center;\">Contact us to learn more about our solutions<\/h2>\n<p><!-- \/wp:heading --><\/p>\n<\/div>\n<p><!-- \/wp:group --><\/p>\n<\/div>\n<p><!-- \/wp:group --><\/p>\n<\/div>\n<p><!-- \/wp:column --><\/p>\n<p><!-- wp:column {\"width\":\"15%\"} --><\/p>\n<div class=\"wp-block-column\" style=\"flex-basis: 15%;\">\u00a0<\/div>\n<p><!-- \/wp:column --><\/p>\n<\/div>\n<p><!-- \/wp:columns --><\/p>\n<p><!-- wp:buttons {\"style\":{\"spacing\":{\"blockGap\":{\"top\":\"var:preset|spacing|small\",\"left\":\"var:preset|spacing|small\"}}},\"layout\":{\"type\":\"flex\",\"justifyContent\":\"center\"}} --><\/p>\n<div class=\"wp-block-buttons\">\n<p><!-- wp:button {\"className\":\"is-style-bk-button-secondary\",\"style\":{\"border\":{\"radius\":\"10px\"},\"spacing\":{\"padding\":{\"left\":\"var:preset|spacing|small\",\"right\":\"var:preset|spacing|small\",\"top\":\"var:preset|spacing|x-small\",\"bottom\":\"var:preset|spacing|x-small\"}}}} --><\/p>\n<div class=\"wp-block-button is-style-bk-button-secondary\"><a class=\"wp-block-button__link wp-element-button\" style=\"border-radius: 10px; padding: var(--wp--preset--spacing--x-small) var(--wp--preset--spacing--small) var(--wp--preset--spacing--x-small) var(--wp--preset--spacing--small);\">Contact us<\/a><\/div>\n<p><!-- \/wp:button --><\/p>\n<\/div>\n<p><!-- \/wp:buttons --><\/p>\n<\/div>\n<p><!-- \/wp:group --><\/p>\n<p><!-- wp:paragraph --><\/p>\n<p><!-- \/wp:paragraph --><\/p>\t\t\t\t\t\t\t\t<\/div>\n\t\t\t\t<\/div>\n\t\t\t\t<\/div>\n\t\t\t\t<\/div>","protected":false},"excerpt":{"rendered":"<p>Concevoir des infrastructures routi\u00e8res s\u00fbres, r\u00e9silientes et durables face aux d\u00e9fis climatiques. OREVIA associe ing\u00e9nierie, \u00e9conomie circulaire et innovation pour repenser la conception, la gestion et la performance des r\u00e9seaux routiers. Nos Expertises Mat\u00e9riaux circulaires D\u00e9veloppement de rev\u00eatements routiers durables int\u00e9grant des d\u00e9chets industriels et de construction. Need Help Adaptation climatique Conception et test de [&hellip;]<\/p>","protected":false},"author":1,"featured_media":0,"parent":0,"menu_order":0,"comment_status":"closed","ping_status":"closed","template":"","meta":{"_uag_custom_page_level_css":"","footnotes":""},"class_list":["post-3701","page","type-page","status-publish","hentry"],"aioseo_notices":[],"_hostinger_reach_plugin_has_subscription_block":false,"_hostinger_reach_plugin_is_elementor":false,"uagb_featured_image_src":{"full":false,"thumbnail":false,"medium":false,"medium_large":false,"large":false,"1536x1536":false,"2048x2048":false,"trp-custom-language-flag":false},"uagb_author_info":{"display_name":"oumaya.ymarzouk@gmail.com","author_link":"https:\/\/orevia-group.com\/en\/author\/oumaya-ymarzoukgmail-com\/"},"uagb_comment_info":0,"uagb_excerpt":"Concevoir des infrastructures routi\u00e8res s\u00fbres, r\u00e9silientes et durables face aux d\u00e9fis climatiques. OREVIA associe ing\u00e9nierie, \u00e9conomie circulaire et innovation pour repenser la conception, la gestion et la performance des r\u00e9seaux routiers. Nos Expertises Mat\u00e9riaux circulaires D\u00e9veloppement de rev\u00eatements routiers durables int\u00e9grant des d\u00e9chets industriels et de construction. Need Help Adaptation climatique Conception et test de&hellip;","_links":{"self":[{"href":"https:\/\/orevia-group.com\/en\/wp-json\/wp\/v2\/pages\/3701","targetHints":{"allow":["GET"]}}],"collection":[{"href":"https:\/\/orevia-group.com\/en\/wp-json\/wp\/v2\/pages"}],"about":[{"href":"https:\/\/orevia-group.com\/en\/wp-json\/wp\/v2\/types\/page"}],"author":[{"embeddable":true,"href":"https:\/\/orevia-group.com\/en\/wp-json\/wp\/v2\/users\/1"}],"replies":[{"embeddable":true,"href":"https:\/\/orevia-group.com\/en\/wp-json\/wp\/v2\/comments?post=3701"}],"version-history":[{"count":143,"href":"https:\/\/orevia-group.com\/en\/wp-json\/wp\/v2\/pages\/3701\/revisions"}],"predecessor-version":[{"id":4434,"href":"https:\/\/orevia-group.com\/en\/wp-json\/wp\/v2\/pages\/3701\/revisions\/4434"}],"wp:attachment":[{"href":"https:\/\/orevia-group.com\/en\/wp-json\/wp\/v2\/media?parent=3701"}],"curies":[{"name":"wp","href":"https:\/\/api.w.org\/{rel}","templated":true}]}}