{"id":3703,"date":"2025-10-24T21:23:38","date_gmt":"2025-10-24T20:23:38","guid":{"rendered":"https:\/\/orevia-group.com\/?page_id=3703"},"modified":"2025-11-06T23:04:52","modified_gmt":"2025-11-06T22:04:52","slug":"secteur-de-leau-et-de-lenvironnement","status":"publish","type":"page","link":"https:\/\/orevia-group.com\/en\/secteur-de-leau-et-de-lenvironnement\/","title":{"rendered":"Water&amp; Environnement"},"content":{"rendered":"<div class=\"wp-block-uagb-container uagb-block-b57db3b5 alignfull uagb-is-root-container\"><div class=\"uagb-container-inner-blocks-wrap\">\n<p class=\"has-text-align-center has-large-font-size\"><strong>Protecting natural resources and strengthening water resilience<br><\/strong>OREVIA offers integrated approaches for a <a href=\"https:\/\/orevia-group.com\/en\/valorisation-de-leau\/\" title=\"Water valorization\">sustainable water management<\/a>, environmental protection, and climate adaptation, combining science, \ntechnology, and engineering expertise.<\/p>\n\n\n\n<div class=\"wp-block-uagb-advanced-heading uagb-block-69e35c3a\"><h3 class=\"uagb-heading-text\"><strong>Our Expertise<\/strong><\/h3><\/div>\n<\/div><\/div>\n\n\n\n<div class=\"wp-block-group alignfull has-global-padding is-layout-constrained wp-container-core-group-is-layout-4f2706c8 wp-block-group-is-layout-constrained\" style=\"margin-top:0;margin-bottom:0;padding-top:0%;padding-bottom:0%;padding-left:10%\">\n<div class=\"wp-block-group has-global-padding is-layout-constrained wp-container-core-group-is-layout-479a631b wp-block-group-is-layout-constrained\" style=\"padding-top:2%\">\n<div class=\"wp-block-uagb-container uagb-block-a2ab0144 alignfull uagb-is-root-container\">\n<div class=\"wp-block-uagb-container uagb-block-b7a801fe\">\n<div class=\"wp-block-group is-content-justification-center is-nowrap is-layout-flex wp-container-core-group-is-layout-ef06c069 wp-block-group-is-layout-flex\" style=\"min-height:5px;padding-right:var(--wp--preset--spacing--xx-small)\">\n<div class=\"wp-block-uagb-container uagb-block-b5b1cb39\">\n<figure class=\"wp-block-image size-full is-resized has-custom-border is-style-rounded wp-duotone-1dba9e-1dba9f-1\" style=\"margin-left:35%\"><img fetchpriority=\"high\" decoding=\"async\" width=\"512\" height=\"512\" src=\"https:\/\/orevia-group.com\/wp-content\/uploads\/2025\/11\/quality-1.png\" alt=\"quality (1)\" class=\"wp-image-4439\" style=\"border-radius:20px;border-top-style:none;border-top-width:0px;border-right-style:none;border-right-width:0px;border-bottom-color:var(--wp--preset--color--light);border-bottom-width:1px;border-left-style:none;border-left-width:0px;width:90px;height:auto\" title=\"Eau &amp; Environnement\" srcset=\"https:\/\/orevia-group.com\/wp-content\/uploads\/2025\/11\/quality-1.png 512w, https:\/\/orevia-group.com\/wp-content\/uploads\/2025\/11\/quality-1-300x300.png 300w, https:\/\/orevia-group.com\/wp-content\/uploads\/2025\/11\/quality-1-150x150.png 150w, https:\/\/orevia-group.com\/wp-content\/uploads\/2025\/11\/quality-1-12x12.png 12w\" sizes=\"(max-width: 512px) 100vw, 512px\" \/><\/figure>\n\n\n\n<div class=\"wp-block-uagb-advanced-heading uagb-block-5caf54ed\"><h6 class=\"uagb-heading-text\">Water quality monitoring<\/h6><p class=\"uagb-desc-text\">Surface and groundwater analysis aligned with international standards<\/p><\/div>\n<\/div>\n\n\n\n<div class=\"wp-block-uagb-container uagb-block-94912a89\">\n<figure class=\"wp-block-image size-full is-resized has-custom-border is-style-rounded wp-duotone-1dba9e-1dba9f-2\" style=\"margin-top:0%;margin-bottom:0%;margin-left:35%\"><img decoding=\"async\" width=\"512\" height=\"512\" src=\"https:\/\/orevia-group.com\/wp-content\/uploads\/2025\/11\/power.png\" alt=\"power\" class=\"wp-image-4440\" style=\"border-radius:20px;border-top-style:none;border-top-width:0px;border-right-style:none;border-right-width:0px;border-bottom-color:var(--wp--preset--color--light);border-bottom-width:1px;border-left-style:none;border-left-width:0px;width:90px\" title=\"Eau &amp; Environnement\" srcset=\"https:\/\/orevia-group.com\/wp-content\/uploads\/2025\/11\/power.png 512w, https:\/\/orevia-group.com\/wp-content\/uploads\/2025\/11\/power-300x300.png 300w, https:\/\/orevia-group.com\/wp-content\/uploads\/2025\/11\/power-150x150.png 150w, https:\/\/orevia-group.com\/wp-content\/uploads\/2025\/11\/power-12x12.png 12w\" sizes=\"(max-width: 512px) 100vw, 512px\" \/><\/figure>\n\n\n\n<div class=\"wp-block-uagb-advanced-heading uagb-block-1ca1f41d\"><h6 class=\"uagb-heading-text\">Data collection &amp; interpretation<\/h6><p class=\"uagb-desc-text\">Hydrological, hydrogeological, and climatological data for resource management<\/p><\/div>\n<\/div>\n\n\n\n<div class=\"wp-block-uagb-container uagb-block-0b1e7f41\">\n<figure class=\"wp-block-image size-full is-resized has-custom-border is-style-rounded wp-duotone-1dba9e-1dba9f-3\" style=\"margin-left:70%\"><img decoding=\"async\" width=\"512\" height=\"512\" src=\"https:\/\/orevia-group.com\/wp-content\/uploads\/2025\/10\/water-tester.png\" alt=\"water tester\" class=\"wp-image-4150\" style=\"border-radius:20px;border-top-style:none;border-top-width:0px;border-right-style:none;border-right-width:0px;border-bottom-color:var(--wp--preset--color--light);border-bottom-width:1px;border-left-style:none;border-left-width:0px;width:90px;height:auto\" title=\"Eau &amp; Environnement\" srcset=\"https:\/\/orevia-group.com\/wp-content\/uploads\/2025\/10\/water-tester.png 512w, https:\/\/orevia-group.com\/wp-content\/uploads\/2025\/10\/water-tester-300x300.png 300w, https:\/\/orevia-group.com\/wp-content\/uploads\/2025\/10\/water-tester-150x150.png 150w\" sizes=\"(max-width: 512px) 100vw, 512px\" \/><\/figure>\n\n\n\n<div class=\"wp-block-uagb-advanced-heading uagb-block-76e96585\"><h6 class=\"uagb-heading-text\"><strong> <\/strong>Human impact assessment<\/h6><p class=\"uagb-desc-text\">Evaluation of pollution risks from agriculture, industry, and desalination activities<\/p><\/div>\n<\/div>\n<\/div>\n<\/div>\n\n\n\n<div class=\"wp-block-uagb-container uagb-block-7a792a4e\">\n<div class=\"wp-block-group is-nowrap is-layout-flex wp-container-core-group-is-layout-6c531013 wp-block-group-is-layout-flex\">\n<div class=\"wp-block-uagb-container uagb-block-23379d7e\">\n<figure class=\"wp-block-image size-full is-resized has-custom-border is-style-rounded wp-duotone-1dba9e-1dba9f-4\" style=\"margin-left:75%\"><img loading=\"lazy\" decoding=\"async\" width=\"512\" height=\"512\" src=\"https:\/\/orevia-group.com\/wp-content\/uploads\/2025\/11\/groundwater.png\" alt=\"groundwater\" class=\"wp-image-4450\" style=\"border-radius:20px;border-top-style:none;border-top-width:0px;border-right-style:none;border-right-width:0px;border-bottom-color:var(--wp--preset--color--light);border-bottom-width:1px;border-left-style:none;border-left-width:0px;width:90px;height:auto\" title=\"Eau &amp; Environnement\" srcset=\"https:\/\/orevia-group.com\/wp-content\/uploads\/2025\/11\/groundwater.png 512w, https:\/\/orevia-group.com\/wp-content\/uploads\/2025\/11\/groundwater-300x300.png 300w, https:\/\/orevia-group.com\/wp-content\/uploads\/2025\/11\/groundwater-150x150.png 150w, https:\/\/orevia-group.com\/wp-content\/uploads\/2025\/11\/groundwater-12x12.png 12w\" sizes=\"(max-width: 512px) 100vw, 512px\" \/><\/figure>\n\n\n\n<div class=\"wp-block-uagb-advanced-heading uagb-block-e9ebe297\"><h6 class=\"uagb-heading-text\">Groundwater management<\/h6><p class=\"uagb-desc-text\">Modeling and scenario analysis for sustainable water use<\/p><\/div>\n<\/div>\n<\/div>\n\n\n\n<div class=\"wp-block-uagb-container uagb-block-2845401f\">\n<figure class=\"wp-block-image aligncenter size-full is-resized has-custom-border is-style-rounded wp-duotone-1dba9e-1dba9e-5\" style=\"margin-top:0%;margin-right:0;margin-bottom:0%;margin-left:0\"><img loading=\"lazy\" decoding=\"async\" width=\"512\" height=\"512\" src=\"https:\/\/orevia-group.com\/wp-content\/uploads\/2025\/11\/save-the-world.png\" alt=\"save the world\" class=\"wp-image-4454\" style=\"border-radius:20px;border-top-style:none;border-top-width:0px;border-right-style:none;border-right-width:0px;border-bottom-color:var(--wp--preset--color--light);border-bottom-width:1px;border-left-style:none;border-left-width:0px;width:90px;height:auto\" title=\"Eau &amp; Environnement\" srcset=\"https:\/\/orevia-group.com\/wp-content\/uploads\/2025\/11\/save-the-world.png 512w, https:\/\/orevia-group.com\/wp-content\/uploads\/2025\/11\/save-the-world-300x300.png 300w, https:\/\/orevia-group.com\/wp-content\/uploads\/2025\/11\/save-the-world-150x150.png 150w, https:\/\/orevia-group.com\/wp-content\/uploads\/2025\/11\/save-the-world-12x12.png 12w\" sizes=\"(max-width: 512px) 100vw, 512px\" \/><\/figure>\n\n\n\n<div class=\"wp-block-uagb-advanced-heading uagb-block-669b3466\"><h6 class=\"uagb-heading-text\">Environmental risk analysis<\/h6><p class=\"uagb-desc-text\">Assessment of toxic elements, land subsidence,and radiation impacts<\/p><\/div>\n<\/div>\n\n\n\n<div class=\"wp-block-uagb-container uagb-block-33803b41\">\n<figure class=\"wp-block-image aligncenter size-full is-resized has-custom-border is-style-rounded wp-duotone-1dba9e-1dba9e-6\" style=\"margin-top:0%;margin-right:0;margin-bottom:0%;margin-left:0\"><img loading=\"lazy\" decoding=\"async\" width=\"512\" height=\"512\" src=\"https:\/\/orevia-group.com\/wp-content\/uploads\/2025\/11\/purified-water.png\" alt=\"purified water\" class=\"wp-image-4446\" style=\"border-radius:20px;border-top-style:none;border-top-width:0px;border-right-style:none;border-right-width:0px;border-bottom-color:var(--wp--preset--color--light);border-bottom-width:1px;border-left-style:none;border-left-width:0px;width:90px;height:auto\" title=\"Eau &amp; Environnement\" srcset=\"https:\/\/orevia-group.com\/wp-content\/uploads\/2025\/11\/purified-water.png 512w, https:\/\/orevia-group.com\/wp-content\/uploads\/2025\/11\/purified-water-300x300.png 300w, https:\/\/orevia-group.com\/wp-content\/uploads\/2025\/11\/purified-water-150x150.png 150w, https:\/\/orevia-group.com\/wp-content\/uploads\/2025\/11\/purified-water-12x12.png 12w\" sizes=\"(max-width: 512px) 100vw, 512px\" \/><\/figure>\n\n\n\n<div class=\"wp-block-uagb-advanced-heading uagb-block-858b29c4\"><h6 class=\"uagb-heading-text\">Circular water economy<\/h6><p class=\"uagb-desc-text\">Development of solutions for water reuse and sludge recycling to enhance resource efficiency.<\/p><\/div>\n<\/div>\n<\/div>\n<\/div>\n<\/div>\n<\/div>\n\n\n\n<div class=\"wp-block-group alignfull has-highlight-background-color has-background has-global-padding is-content-justification-center is-layout-constrained wp-container-core-group-is-layout-6f010f42 wp-block-group-is-layout-constrained\" style=\"margin-top:0;margin-bottom:0px;padding-top:100px;padding-bottom:80px\">\n<div class=\"wp-block-columns is-layout-flex wp-container-core-columns-is-layout-28f84493 wp-block-columns-is-layout-flex\">\n<div class=\"wp-block-column is-layout-flow wp-block-column-is-layout-flow\" style=\"flex-basis:15%\"><\/div>\n\n\n\n<div class=\"wp-block-column is-layout-flow wp-block-column-is-layout-flow\" style=\"flex-basis:70%\">\n<div class=\"wp-block-group has-global-padding is-layout-constrained wp-container-core-group-is-layout-7d0d3654 wp-block-group-is-layout-constrained\">\n<div class=\"wp-block-group has-global-padding is-layout-constrained wp-block-group-is-layout-constrained\">\n<div class=\"wp-block-group is-content-justification-center is-nowrap is-layout-flex wp-container-core-group-is-layout-71978bd4 wp-block-group-is-layout-flex\">\n<hr class=\"wp-block-separator has-text-color has-pure-white-color has-alpha-channel-opacity has-pure-white-background-color has-background wp-container-content-e1bb55cb\"\/>\n<\/div>\n\n\n\n<h2 class=\"wp-block-heading has-text-align-center has-pure-white-color has-text-color has-link-color has-work-sans-font-family wp-elements-c4d4553733e39b111b14046ea8046c07\" style=\"font-style:normal;font-weight:600;line-height:1.1\">Contact us to learn more about our solutions <\/h2>\n<\/div>\n<\/div>\n<\/div>\n\n\n\n<div class=\"wp-block-column is-layout-flow wp-block-column-is-layout-flow\" style=\"flex-basis:15%\"><\/div>\n<\/div>\n\n\n\n<div class=\"wp-block-buttons is-content-justification-center is-layout-flex wp-container-core-buttons-is-layout-7583787f wp-block-buttons-is-layout-flex\">\n<div class=\"wp-block-button is-style-bk-button-secondary\"><a class=\"wp-block-button__link wp-element-button\" style=\"border-radius:10px;padding-top:var(--wp--preset--spacing--x-small);padding-right:var(--wp--preset--spacing--small);padding-bottom:var(--wp--preset--spacing--x-small);padding-left:var(--wp--preset--spacing--small)\">Contact us<\/a><\/div>\n<\/div>\n<\/div>\n\n\n\n<p><\/p>","protected":false},"excerpt":{"rendered":"<p>Prot\u00e9ger les ressources naturelles et renforcer la r\u00e9silience hydriqueOREVIA propose des approches int\u00e9gr\u00e9es pour une gestion durable de l\u2019eau, la protection de l\u2019environnement et l\u2019adaptation au changement climatique, en combinant expertise scientifique, technologique et ing\u00e9nierie. Nos Expertises Suivi de la qualit\u00e9 de l\u2019eau Analyse des eaux de surface et souterraines selon les normes internationales.. Collecte [&hellip;]<\/p>","protected":false},"author":1,"featured_media":0,"parent":0,"menu_order":0,"comment_status":"closed","ping_status":"closed","template":"","meta":{"_uag_custom_page_level_css":"","footnotes":""},"class_list":["post-3703","page","type-page","status-publish","hentry"],"aioseo_notices":[],"_hostinger_reach_plugin_has_subscription_block":false,"_hostinger_reach_plugin_is_elementor":false,"uagb_featured_image_src":{"full":false,"thumbnail":false,"medium":false,"medium_large":false,"large":false,"1536x1536":false,"2048x2048":false,"trp-custom-language-flag":false},"uagb_author_info":{"display_name":"oumaya.ymarzouk@gmail.com","author_link":"https:\/\/orevia-group.com\/en\/author\/oumaya-ymarzoukgmail-com\/"},"uagb_comment_info":0,"uagb_excerpt":"Prot\u00e9ger les ressources naturelles et renforcer la r\u00e9silience hydriqueOREVIA propose des approches int\u00e9gr\u00e9es pour une gestion durable de l\u2019eau, la protection de l\u2019environnement et l\u2019adaptation au changement climatique, en combinant expertise scientifique, technologique et ing\u00e9nierie. Nos Expertises Suivi de la qualit\u00e9 de l\u2019eau Analyse des eaux de surface et souterraines selon les normes internationales.. Collecte&hellip;","_links":{"self":[{"href":"https:\/\/orevia-group.com\/en\/wp-json\/wp\/v2\/pages\/3703","targetHints":{"allow":["GET"]}}],"collection":[{"href":"https:\/\/orevia-group.com\/en\/wp-json\/wp\/v2\/pages"}],"about":[{"href":"https:\/\/orevia-group.com\/en\/wp-json\/wp\/v2\/types\/page"}],"author":[{"embeddable":true,"href":"https:\/\/orevia-group.com\/en\/wp-json\/wp\/v2\/users\/1"}],"replies":[{"embeddable":true,"href":"https:\/\/orevia-group.com\/en\/wp-json\/wp\/v2\/comments?post=3703"}],"version-history":[{"count":26,"href":"https:\/\/orevia-group.com\/en\/wp-json\/wp\/v2\/pages\/3703\/revisions"}],"predecessor-version":[{"id":4465,"href":"https:\/\/orevia-group.com\/en\/wp-json\/wp\/v2\/pages\/3703\/revisions\/4465"}],"wp:attachment":[{"href":"https:\/\/orevia-group.com\/en\/wp-json\/wp\/v2\/media?parent=3703"}],"curies":[{"name":"wp","href":"https:\/\/api.w.org\/{rel}","templated":true}]}}