{"id":3705,"date":"2025-10-24T21:24:18","date_gmt":"2025-10-24T20:24:18","guid":{"rendered":"https:\/\/orevia-group.com\/?page_id=3705"},"modified":"2025-11-07T14:51:08","modified_gmt":"2025-11-07T13:51:08","slug":"strategie-developpement","status":"publish","type":"page","link":"https:\/\/orevia-group.com\/en\/strategie-developpement\/","title":{"rendered":"STRATEGY &amp; DEVELOPMENT"},"content":{"rendered":"<div class=\"wp-block-uagb-container uagb-block-b57db3b5 alignfull uagb-is-root-container\"><div class=\"uagb-container-inner-blocks-wrap\">\n<p class=\"has-text-align-center has-large-font-size\"><strong>Supporting public and private stakeholders in their sustainable growth through strategy, partnerships, and capacity building.<\/strong><br>OREVIA provides strategic, technical, and operational support to accelerate the \necological transition and strengthen organizational performance.<\/p>\n\n\n\n<div class=\"wp-block-uagb-advanced-heading uagb-block-69e35c3a\"><h3 class=\"uagb-heading-text\"><strong>Our Expertise<\/strong><\/h3><\/div>\n<\/div><\/div>\n\n\n\n<div class=\"wp-block-group alignfull has-global-padding is-layout-constrained wp-container-core-group-is-layout-4f2706c8 wp-block-group-is-layout-constrained\" style=\"margin-top:0;margin-bottom:0;padding-top:0%;padding-bottom:0%;padding-left:10%\">\n<div class=\"wp-block-group has-global-padding is-layout-constrained wp-container-core-group-is-layout-479a631b wp-block-group-is-layout-constrained\" style=\"padding-top:2%\">\n<div class=\"wp-block-uagb-container uagb-block-a2ab0144 alignfull uagb-is-root-container\">\n<div class=\"wp-block-uagb-container uagb-block-b7a801fe\">\n<div class=\"wp-block-group is-content-justification-center is-nowrap is-layout-flex wp-container-core-group-is-layout-ef06c069 wp-block-group-is-layout-flex\" style=\"min-height:5px;padding-right:var(--wp--preset--spacing--xx-small)\">\n<div class=\"wp-block-uagb-container uagb-block-b5b1cb39\">\n<figure class=\"wp-block-image size-full is-resized has-custom-border is-style-rounded wp-duotone-1dba9e-1dba9f-1\" style=\"margin-left:35%\"><img fetchpriority=\"high\" decoding=\"async\" width=\"512\" height=\"512\" src=\"https:\/\/orevia-group.com\/wp-content\/uploads\/2025\/11\/target.png\" alt=\"target\" class=\"wp-image-4475\" style=\"border-radius:20px;border-top-style:none;border-top-width:0px;border-right-style:none;border-right-width:0px;border-bottom-color:var(--wp--preset--color--light);border-bottom-width:1px;border-left-style:none;border-left-width:0px;width:90px\" title=\"STRAT\u00c9GIE &amp; D\u00c9VELOPPEMENT\" srcset=\"https:\/\/orevia-group.com\/wp-content\/uploads\/2025\/11\/target.png 512w, https:\/\/orevia-group.com\/wp-content\/uploads\/2025\/11\/target-300x300.png 300w, https:\/\/orevia-group.com\/wp-content\/uploads\/2025\/11\/target-150x150.png 150w, https:\/\/orevia-group.com\/wp-content\/uploads\/2025\/11\/target-12x12.png 12w\" sizes=\"(max-width: 512px) 100vw, 512px\" \/><\/figure>\n\n\n\n<div class=\"wp-block-uagb-advanced-heading uagb-block-5caf54ed\"><h5 class=\"uagb-heading-text\">Strategic consulting  <\/h5><p class=\"uagb-desc-text\">Design and development of sustainable\n projects, feasibility and market studies.<\/p><\/div>\n<\/div>\n\n\n\n<div class=\"wp-block-uagb-container uagb-block-c1641367\">\n<figure class=\"wp-block-image size-full is-resized has-custom-border is-style-rounded wp-duotone-1dba9e-fffffe-2\" style=\"margin-left:35%\"><img decoding=\"async\" width=\"512\" height=\"512\" src=\"https:\/\/orevia-group.com\/wp-content\/uploads\/2025\/11\/project.png\" alt=\"project\" class=\"wp-image-4474\" style=\"border-radius:20px;border-top-style:none;border-top-width:0px;border-right-style:none;border-right-width:0px;border-bottom-color:var(--wp--preset--color--light);border-bottom-width:1px;border-left-style:none;border-left-width:0px;width:90px\" title=\"STRAT\u00c9GIE &amp; D\u00c9VELOPPEMENT\" srcset=\"https:\/\/orevia-group.com\/wp-content\/uploads\/2025\/11\/project.png 512w, https:\/\/orevia-group.com\/wp-content\/uploads\/2025\/11\/project-300x300.png 300w, https:\/\/orevia-group.com\/wp-content\/uploads\/2025\/11\/project-150x150.png 150w, https:\/\/orevia-group.com\/wp-content\/uploads\/2025\/11\/project-12x12.png 12w\" sizes=\"(max-width: 512px) 100vw, 512px\" \/><\/figure>\n\n\n\n<div class=\"wp-block-uagb-advanced-heading uagb-block-2ae8ee1b\"><h5 class=\"uagb-heading-text\">Project development<\/h5><p class=\"uagb-desc-text\">Coordination of national and\n international projects partner search, proposal drafting, and follow-up.<\/p><\/div>\n<\/div>\n\n\n\n<div class=\"wp-block-uagb-container uagb-block-0b1e7f41\">\n<figure class=\"wp-block-image size-full is-resized has-custom-border is-style-rounded wp-duotone-1dba9e-1dba9f-3\" style=\"margin-left:70%\"><img decoding=\"async\" width=\"512\" height=\"512\" src=\"https:\/\/orevia-group.com\/wp-content\/uploads\/2025\/11\/staff-management-1.png\" alt=\"staff management\" class=\"wp-image-4478\" style=\"border-radius:20px;border-top-style:none;border-top-width:0px;border-right-style:none;border-right-width:0px;border-bottom-color:var(--wp--preset--color--light);border-bottom-width:1px;border-left-style:none;border-left-width:0px;width:90px;height:auto\" title=\"STRAT\u00c9GIE &amp; D\u00c9VELOPPEMENT\" srcset=\"https:\/\/orevia-group.com\/wp-content\/uploads\/2025\/11\/staff-management-1.png 512w, https:\/\/orevia-group.com\/wp-content\/uploads\/2025\/11\/staff-management-1-300x300.png 300w, https:\/\/orevia-group.com\/wp-content\/uploads\/2025\/11\/staff-management-1-150x150.png 150w, https:\/\/orevia-group.com\/wp-content\/uploads\/2025\/11\/staff-management-1-12x12.png 12w\" sizes=\"(max-width: 512px) 100vw, 512px\" \/><\/figure>\n\n\n\n<div class=\"wp-block-uagb-advanced-heading uagb-block-76e96585\"><h5 class=\"uagb-heading-text\">Prospecting<\/h5><p class=\"uagb-desc-text\">Identification of new clients or partners through\n databases, networking, and trade fairs<\/p><\/div>\n<\/div>\n<\/div>\n<\/div>\n\n\n\n<div class=\"wp-block-uagb-container uagb-block-7a792a4e\">\n<div class=\"wp-block-uagb-container uagb-block-30f93b3b\">\n<div class=\"wp-block-group is-nowrap is-layout-flex wp-container-core-group-is-layout-6c531013 wp-block-group-is-layout-flex\">\n<div class=\"wp-block-uagb-container uagb-block-dc89fe20\">\n<figure class=\"wp-block-image size-full is-resized has-custom-border is-style-rounded wp-duotone-1dba9e-1dba9f-4\" style=\"margin-left:35%\"><img loading=\"lazy\" decoding=\"async\" width=\"512\" height=\"512\" src=\"https:\/\/orevia-group.com\/wp-content\/uploads\/2025\/11\/closure.png\" alt=\"closure\" class=\"wp-image-4476\" style=\"border-radius:20px;border-top-style:none;border-top-width:0px;border-right-style:none;border-right-width:0px;border-bottom-color:var(--wp--preset--color--light);border-bottom-width:1px;border-left-style:none;border-left-width:0px;width:90px\" title=\"STRAT\u00c9GIE &amp; D\u00c9VELOPPEMENT\" srcset=\"https:\/\/orevia-group.com\/wp-content\/uploads\/2025\/11\/closure.png 512w, https:\/\/orevia-group.com\/wp-content\/uploads\/2025\/11\/closure-300x300.png 300w, https:\/\/orevia-group.com\/wp-content\/uploads\/2025\/11\/closure-150x150.png 150w, https:\/\/orevia-group.com\/wp-content\/uploads\/2025\/11\/closure-12x12.png 12w\" sizes=\"(max-width: 512px) 100vw, 512px\" \/><\/figure>\n\n\n\n<div class=\"wp-block-uagb-advanced-heading uagb-block-18ecb14c\"><h5 class=\"uagb-heading-text\">Strategic partnerships<\/h5><p class=\"uagb-desc-text\">Building alliances with complementary companies and engaging in B2B networks.<\/p><\/div>\n<\/div>\n\n\n\n<div class=\"wp-block-uagb-container uagb-block-a76192d5\">\n<figure class=\"wp-block-image size-full is-resized has-custom-border is-style-rounded wp-duotone-1dba9e-1dba9f-5\" style=\"margin-left:35%\"><img loading=\"lazy\" decoding=\"async\" width=\"512\" height=\"512\" src=\"https:\/\/orevia-group.com\/wp-content\/uploads\/2025\/11\/contract.png\" alt=\"contract\" class=\"wp-image-4480\" style=\"border-radius:20px;border-top-style:none;border-top-width:0px;border-right-style:none;border-right-width:0px;border-bottom-color:var(--wp--preset--color--light);border-bottom-width:1px;border-left-style:none;border-left-width:0px;width:90px\" title=\"STRAT\u00c9GIE &amp; D\u00c9VELOPPEMENT\" srcset=\"https:\/\/orevia-group.com\/wp-content\/uploads\/2025\/11\/contract.png 512w, https:\/\/orevia-group.com\/wp-content\/uploads\/2025\/11\/contract-300x300.png 300w, https:\/\/orevia-group.com\/wp-content\/uploads\/2025\/11\/contract-150x150.png 150w, https:\/\/orevia-group.com\/wp-content\/uploads\/2025\/11\/contract-12x12.png 12w\" sizes=\"(max-width: 512px) 100vw, 512px\" \/><\/figure>\n\n\n\n<div class=\"wp-block-uagb-advanced-heading uagb-block-6d7813a0\"><h5 class=\"uagb-heading-text\">Administrative &amp; legal support<\/h5><p class=\"uagb-desc-text\">Negotiation and drafting of partnership and commercial agreements<\/p><\/div>\n<\/div>\n\n\n\n<div class=\"wp-block-uagb-container uagb-block-05c5dc28\">\n<div class=\"wp-block-uagb-container uagb-block-8ac69099\">\n<figure class=\"wp-block-image size-full is-resized has-custom-border is-style-rounded wp-duotone-1dba9e-1dba9f-6\" style=\"margin-left:35%\"><img loading=\"lazy\" decoding=\"async\" width=\"512\" height=\"512\" src=\"https:\/\/orevia-group.com\/wp-content\/uploads\/2025\/11\/training.png\" alt=\"training\" class=\"wp-image-4484\" style=\"border-radius:20px;border-top-style:none;border-top-width:0px;border-right-style:none;border-right-width:0px;border-bottom-color:var(--wp--preset--color--light);border-bottom-width:1px;border-left-style:none;border-left-width:0px;width:90px\" title=\"STRAT\u00c9GIE &amp; D\u00c9VELOPPEMENT\" srcset=\"https:\/\/orevia-group.com\/wp-content\/uploads\/2025\/11\/training.png 512w, https:\/\/orevia-group.com\/wp-content\/uploads\/2025\/11\/training-300x300.png 300w, https:\/\/orevia-group.com\/wp-content\/uploads\/2025\/11\/training-150x150.png 150w, https:\/\/orevia-group.com\/wp-content\/uploads\/2025\/11\/training-12x12.png 12w\" sizes=\"(max-width: 512px) 100vw, 512px\" \/><\/figure>\n\n\n\n<div class=\"wp-block-uagb-advanced-heading uagb-block-f3d7fcdf\"><h5 class=\"uagb-heading-text\">Capacity building &amp; innovation<\/h5><p class=\"uagb-desc-text\">Training, technical assistance, technology transfer to enhance skills and integrate innovative solutions.<\/p><\/div>\n<\/div>\n<\/div>\n<\/div>\n<\/div>\n<\/div>\n<\/div>\n<\/div>\n<\/div>\n\n\n\n<div class=\"wp-block-group alignfull has-highlight-background-color has-background has-global-padding is-content-justification-center is-layout-constrained wp-container-core-group-is-layout-6f010f42 wp-block-group-is-layout-constrained\" style=\"margin-top:0;margin-bottom:0px;padding-top:100px;padding-bottom:80px\">\n<div class=\"wp-block-columns is-layout-flex wp-container-core-columns-is-layout-28f84493 wp-block-columns-is-layout-flex\">\n<div class=\"wp-block-column is-layout-flow wp-block-column-is-layout-flow\" style=\"flex-basis:15%\"><\/div>\n\n\n\n<div class=\"wp-block-column is-layout-flow wp-block-column-is-layout-flow\" style=\"flex-basis:70%\">\n<div class=\"wp-block-group has-global-padding is-layout-constrained wp-container-core-group-is-layout-7d0d3654 wp-block-group-is-layout-constrained\">\n<div class=\"wp-block-group has-global-padding is-layout-constrained wp-block-group-is-layout-constrained\">\n<div class=\"wp-block-group is-content-justification-center is-nowrap is-layout-flex wp-container-core-group-is-layout-71978bd4 wp-block-group-is-layout-flex\">\n<hr class=\"wp-block-separator has-text-color has-pure-white-color has-alpha-channel-opacity has-pure-white-background-color has-background wp-container-content-e1bb55cb\"\/>\n<\/div>\n\n\n\n<h2 class=\"wp-block-heading has-text-align-center has-pure-white-color has-text-color has-link-color has-work-sans-font-family wp-elements-c4d4553733e39b111b14046ea8046c07\" style=\"font-style:normal;font-weight:600;line-height:1.1\">Contact us to learn more about our solutions <\/h2>\n<\/div>\n<\/div>\n<\/div>\n\n\n\n<div class=\"wp-block-column is-layout-flow wp-block-column-is-layout-flow\" style=\"flex-basis:15%\"><\/div>\n<\/div>\n\n\n\n<div class=\"wp-block-buttons is-content-justification-center is-layout-flex wp-container-core-buttons-is-layout-7583787f wp-block-buttons-is-layout-flex\">\n<div class=\"wp-block-button is-style-bk-button-secondary\"><a class=\"wp-block-button__link wp-element-button\" style=\"border-radius:10px;padding-top:var(--wp--preset--spacing--x-small);padding-right:var(--wp--preset--spacing--small);padding-bottom:var(--wp--preset--spacing--x-small);padding-left:var(--wp--preset--spacing--small)\">Contact us<\/a><\/div>\n<\/div>\n<\/div>\n\n\n\n<p><\/p>","protected":false},"excerpt":{"rendered":"<p>Accompagner les acteurs publics et priv\u00e9s dans leur croissance durable \u00e0 travers la strat\u00e9gie, les partenariats et le renforcement des capacit\u00e9s.OREVIA apporte un appui strat\u00e9gique, technique et op\u00e9rationnel pour acc\u00e9l\u00e9rer la transition \u00e9cologique et renforcer la performance organisationnelle. Nos Expertises Conseil strat\u00e9gique conception et d\u00e9veloppement de projets durables, \u00e9tudes de faisabilit\u00e9 et \u00e9tudes de march\u00e9. [&hellip;]<\/p>","protected":false},"author":1,"featured_media":0,"parent":0,"menu_order":0,"comment_status":"closed","ping_status":"closed","template":"","meta":{"_uag_custom_page_level_css":"","footnotes":""},"class_list":["post-3705","page","type-page","status-publish","hentry"],"aioseo_notices":[],"_hostinger_reach_plugin_has_subscription_block":false,"_hostinger_reach_plugin_is_elementor":false,"uagb_featured_image_src":{"full":false,"thumbnail":false,"medium":false,"medium_large":false,"large":false,"1536x1536":false,"2048x2048":false,"trp-custom-language-flag":false},"uagb_author_info":{"display_name":"oumaya.ymarzouk@gmail.com","author_link":"https:\/\/orevia-group.com\/en\/author\/oumaya-ymarzoukgmail-com\/"},"uagb_comment_info":0,"uagb_excerpt":"Accompagner les acteurs publics et priv\u00e9s dans leur croissance durable \u00e0 travers la strat\u00e9gie, les partenariats et le renforcement des capacit\u00e9s.OREVIA apporte un appui strat\u00e9gique, technique et op\u00e9rationnel pour acc\u00e9l\u00e9rer la transition \u00e9cologique et renforcer la performance organisationnelle. Nos Expertises Conseil strat\u00e9gique conception et d\u00e9veloppement de projets durables, \u00e9tudes de faisabilit\u00e9 et \u00e9tudes de march\u00e9.&hellip;","_links":{"self":[{"href":"https:\/\/orevia-group.com\/en\/wp-json\/wp\/v2\/pages\/3705","targetHints":{"allow":["GET"]}}],"collection":[{"href":"https:\/\/orevia-group.com\/en\/wp-json\/wp\/v2\/pages"}],"about":[{"href":"https:\/\/orevia-group.com\/en\/wp-json\/wp\/v2\/types\/page"}],"author":[{"embeddable":true,"href":"https:\/\/orevia-group.com\/en\/wp-json\/wp\/v2\/users\/1"}],"replies":[{"embeddable":true,"href":"https:\/\/orevia-group.com\/en\/wp-json\/wp\/v2\/comments?post=3705"}],"version-history":[{"count":11,"href":"https:\/\/orevia-group.com\/en\/wp-json\/wp\/v2\/pages\/3705\/revisions"}],"predecessor-version":[{"id":4485,"href":"https:\/\/orevia-group.com\/en\/wp-json\/wp\/v2\/pages\/3705\/revisions\/4485"}],"wp:attachment":[{"href":"https:\/\/orevia-group.com\/en\/wp-json\/wp\/v2\/media?parent=3705"}],"curies":[{"name":"wp","href":"https:\/\/api.w.org\/{rel}","templated":true}]}}