{"id":3901,"date":"2025-10-28T14:39:22","date_gmt":"2025-10-28T13:39:22","guid":{"rendered":"https:\/\/orevia-group.com\/?page_id=3901"},"modified":"2025-11-05T20:08:58","modified_gmt":"2025-11-05T19:08:58","slug":"nos-projets","status":"publish","type":"page","link":"https:\/\/orevia-group.com\/en\/nos-projets\/","title":{"rendered":"Our projects"},"content":{"rendered":"<div class=\"wp-block-uagb-advanced-heading uagb-block-af6d7134\"><h4 class=\"uagb-heading-text\"><strong>Our Projects &amp; Achievements<\/strong><\/h4><p class=\"uagb-desc-text\">OREVIA implements innovative projects promoting the circular economy, ecological transition and sustainable development.<br><strong>Discover our achievements and international collaborations.<\/strong><\/p><\/div>\n\n\n\n<div class=\"wp-block-uagb-container uagb-block-1b297911 alignfull uagb-is-root-container\"><div class=\"uagb-container-inner-blocks-wrap\">\n<div class=\"wp-block-uagb-image aligncenter uagb-block-c16318f8 wp-block-uagb-image--layout-default wp-block-uagb-image--effect-static wp-block-uagb-image--align-center\"><figure class=\"wp-block-uagb-image__figure\"><img loading=\"lazy\" decoding=\"async\" sizes=\"auto, (max-width: 480px) 150px\" src=\"https:\/\/orevia-group.com\/wp-content\/uploads\/2025\/10\/IMG-20251028-WA0002-1024x683.jpg\" alt=\"img 20251028 wa0002\" width=\"460\" height=\"310\" title=\"Our projects\" role=\"img\"><\/figure><\/div>\n\n\n\n<div class=\"wp-block-uagb-container uagb-block-8bb5ebae\">\n<p class=\"has-medium-font-size\" style=\"margin-top:0px;margin-bottom:0px\"><strong>Circular economy in the built environment<\/strong><\/p>\n\n\n\n<p style=\"margin-top:0px;margin-right:0px;margin-bottom:0px;margin-left:0px\"><strong>Objective<\/strong><\/p>\n\n\n\n<p style=\"margin-top:0px;margin-bottom:0px\">Initiate the implementation of a circular economy for construction and demolition waste in the Mediterranean basin, by promoting the recycling and reuse of materials in road infrastructure.<\/p>\n\n\n\n<p style=\"margin-top:0px;margin-bottom:0px\"><strong>Key findings:<\/strong><\/p>\n\n\n\n<p style=\"margin-top:0px;margin-right:0px;margin-bottom:0px;margin-left:0px;padding-top:0px;padding-right:0px;padding-bottom:0px;padding-left:0px\">\u2022 Technology transfer and support for public and private stakeholders.<\/p>\n\n\n\n<p style=\"margin-top:0px;margin-bottom:0px\">\u2022 Development of national technical guides for the recovery of construction and demolition waste (CDW).<\/p>\n\n\n\n<p style=\"margin-top:0px;margin-bottom:0px\">\u2022 Training of engineers and experts on recycling and the circular economy.<\/p>\n\n\n\n<p style=\"margin-top:0px;margin-bottom:0px\">\u2022 Drafting of environmental standards and clauses integrating recycling into public procurement.<\/p>\n\n\n\n<p style=\"margin-top:0px;margin-bottom:0px\">\u2022 Development of macro and microeconomic models promoting investment in the circular sector.<\/p>\n\n\n\n<p style=\"margin-top:0px;margin-bottom:0px\">\u2022 Creation of tools for assessing the environmental, social and economic sustainability of infrastructure.<\/p>\n\n\n\n<p style=\"margin-top:0px;margin-bottom:0px\">\u2022 Implementation of experimental pilot projects demonstrating the technical and environmental feasibility of recycling.<\/p>\n\n\n\n<p style=\"margin-top:0px;margin-bottom:0px\">\u2022 Support for the creation of viable and economically profitable recycling facilities.<\/p>\n<\/div>\n<\/div><\/div>\n\n\n\n<div class=\"wp-block-group has-surface-background-color has-background is-vertical is-layout-flex wp-container-core-group-is-layout-fe9cc265 wp-block-group-is-layout-flex\">\n<div class=\"wp-block-uagb-container uagb-block-bff8d779 alignfull uagb-is-root-container\"><div class=\"uagb-container-inner-blocks-wrap\">\n<div class=\"wp-block-uagb-advanced-heading uagb-block-a6843c5a\"><h4 class=\"uagb-heading-text\">Our Achievements<\/h4><\/div>\n<\/div><\/div>\n\n\n\n<div class=\"wp-block-uagb-container uagb-block-280b6826 alignfull uagb-is-root-container\"><div class=\"uagb-container-inner-blocks-wrap\">\n<div class=\"wp-block-uagb-container uagb-block-e8c30ba7\"><\/div>\n\n\n\n<div class=\"wp-block-uagb-container uagb-block-c7559820\"><\/div>\n\n\n\n<div class=\"wp-block-uagb-container uagb-block-133423ab\"><\/div>\n<\/div><\/div>\n<\/div>\n\n\n\n<div class=\"wp-block-uagb-container uagb-block-1b867457 alignfull uagb-is-root-container\"><div class=\"uagb-container-inner-blocks-wrap\">\n<div class=\"wp-block-group alignfull has-highlight-background-color has-background has-global-padding is-content-justification-center is-layout-constrained wp-container-core-group-is-layout-6f010f42 wp-block-group-is-layout-constrained\" style=\"margin-top:0;margin-bottom:0px;padding-top:100px;padding-bottom:80px\">\n<div class=\"wp-block-columns is-layout-flex wp-container-core-columns-is-layout-28f84493 wp-block-columns-is-layout-flex\">\n<div class=\"wp-block-column is-layout-flow wp-block-column-is-layout-flow\" style=\"flex-basis:15%\"><\/div>\n\n\n\n<div class=\"wp-block-column is-layout-flow wp-block-column-is-layout-flow\" style=\"flex-basis:70%\">\n<div class=\"wp-block-group has-global-padding is-layout-constrained wp-container-core-group-is-layout-7d0d3654 wp-block-group-is-layout-constrained\">\n<div class=\"wp-block-group has-global-padding is-layout-constrained wp-block-group-is-layout-constrained\">\n<div class=\"wp-block-group is-content-justification-center is-nowrap is-layout-flex wp-container-core-group-is-layout-71978bd4 wp-block-group-is-layout-flex\">\n<hr class=\"wp-block-separator has-text-color has-pure-white-color has-alpha-channel-opacity has-pure-white-background-color has-background wp-container-content-e1bb55cb\"\/>\n\n\n\n<h6 class=\"wp-block-heading has-pure-white-color has-text-color has-link-color has-open-sans-font-family wp-elements-1979c72f93a2224a6d9a3075e4979508\"><\/h6>\n\n\n\n<hr class=\"wp-block-separator has-text-color has-pure-white-color has-alpha-channel-opacity has-pure-white-background-color has-background wp-container-content-e1bb55cb\"\/>\n<\/div>\n\n\n\n<h2 class=\"wp-block-heading has-text-align-center has-pure-white-color has-text-color has-link-color has-work-sans-font-family wp-elements-cb5a85afa6846f8719c275a597487e8e\" style=\"font-style:normal;font-weight:600;line-height:1.1\">Contact us to learn more about our solutions<\/h2>\n<\/div>\n<\/div>\n<\/div>\n\n\n\n<div class=\"wp-block-column is-layout-flow wp-block-column-is-layout-flow\" style=\"flex-basis:15%\"><\/div>\n<\/div>\n\n\n\n<div class=\"wp-block-buttons is-content-justification-center is-layout-flex wp-container-core-buttons-is-layout-7583787f wp-block-buttons-is-layout-flex\">\n<div class=\"wp-block-button is-style-bk-button-secondary\"><a class=\"wp-block-button__link wp-element-button\" href=\"https:\/\/orevia-group.com\/en\/contact\/\" style=\"border-radius:10px;padding-top:var(--wp--preset--spacing--x-small);padding-right:var(--wp--preset--spacing--small);padding-bottom:var(--wp--preset--spacing--x-small);padding-left:var(--wp--preset--spacing--small)\">Contact us<\/a><\/div>\n<\/div>\n<\/div>\n<\/div><\/div>\n\n\n\n<p><\/p>","protected":false},"excerpt":{"rendered":"<p>Nos Projets &amp; R\u00e9alisations OREVIA met en \u0153uvre des projets innovants favorisant l\u2019\u00e9conomie circulaire, la transition \u00e9cologique et le d\u00e9veloppement durable.D\u00e9couvrez nos r\u00e9alisations et collaborations internationales. \u00c9conomie circulaire dans l\u2019environnement b\u00e2ti Objectif : Initier la mise en \u0153uvre d\u2019une \u00e9conomie circulaire pour les d\u00e9chets de construction et de d\u00e9molition dans le bassin m\u00e9diterran\u00e9en, en favorisant [&hellip;]<\/p>","protected":false},"author":1,"featured_media":0,"parent":0,"menu_order":0,"comment_status":"closed","ping_status":"closed","template":"","meta":{"_uag_custom_page_level_css":"","footnotes":""},"class_list":["post-3901","page","type-page","status-publish","hentry"],"aioseo_notices":[],"_hostinger_reach_plugin_has_subscription_block":false,"_hostinger_reach_plugin_is_elementor":false,"uagb_featured_image_src":{"full":false,"thumbnail":false,"medium":false,"medium_large":false,"large":false,"1536x1536":false,"2048x2048":false,"trp-custom-language-flag":false},"uagb_author_info":{"display_name":"oumaya.ymarzouk@gmail.com","author_link":"https:\/\/orevia-group.com\/en\/author\/oumaya-ymarzoukgmail-com\/"},"uagb_comment_info":0,"uagb_excerpt":"Nos Projets &amp; R\u00e9alisations OREVIA met en \u0153uvre des projets innovants favorisant l\u2019\u00e9conomie circulaire, la transition \u00e9cologique et le d\u00e9veloppement durable.D\u00e9couvrez nos r\u00e9alisations et collaborations internationales. \u00c9conomie circulaire dans l\u2019environnement b\u00e2ti Objectif : Initier la mise en \u0153uvre d\u2019une \u00e9conomie circulaire pour les d\u00e9chets de construction et de d\u00e9molition dans le bassin m\u00e9diterran\u00e9en, en favorisant&hellip;","_links":{"self":[{"href":"https:\/\/orevia-group.com\/en\/wp-json\/wp\/v2\/pages\/3901","targetHints":{"allow":["GET"]}}],"collection":[{"href":"https:\/\/orevia-group.com\/en\/wp-json\/wp\/v2\/pages"}],"about":[{"href":"https:\/\/orevia-group.com\/en\/wp-json\/wp\/v2\/types\/page"}],"author":[{"embeddable":true,"href":"https:\/\/orevia-group.com\/en\/wp-json\/wp\/v2\/users\/1"}],"replies":[{"embeddable":true,"href":"https:\/\/orevia-group.com\/en\/wp-json\/wp\/v2\/comments?post=3901"}],"version-history":[{"count":68,"href":"https:\/\/orevia-group.com\/en\/wp-json\/wp\/v2\/pages\/3901\/revisions"}],"predecessor-version":[{"id":4268,"href":"https:\/\/orevia-group.com\/en\/wp-json\/wp\/v2\/pages\/3901\/revisions\/4268"}],"wp:attachment":[{"href":"https:\/\/orevia-group.com\/en\/wp-json\/wp\/v2\/media?parent=3901"}],"curies":[{"name":"wp","href":"https:\/\/api.w.org\/{rel}","templated":true}]}}